{"id":1934,"date":"2022-08-29T12:12:06","date_gmt":"2022-08-29T12:12:06","guid":{"rendered":"https:\/\/fa-maik.com\/zelite-li-zajedno-stvoriti-nasu-viziju\/"},"modified":"2024-02-15T12:01:13","modified_gmt":"2024-02-15T12:01:13","slug":"zelite-li-zajedno-stvoriti-nasu-viziju","status":"publish","type":"page","link":"https:\/\/fa-maik.com\/hr\/zelite-li-zajedno-stvoriti-nasu-viziju\/","title":{"rendered":"Vizija"},"content":{"rendered":"\n<div class=\"wp-block-group padd-0\"><div class=\"wp-block-group__inner-container is-layout-flow wp-block-group-is-layout-flow\">\n<div class=\"wp-block-columns sm-gap-0 mb-0 md-gap-3 mb-5 is-layout-flex wp-container-core-columns-is-layout-9d6595d7 wp-block-columns-is-layout-flex\">\n<div class=\"wp-block-column pt-5 sm-pb-4 relative sm-pt-3 is-layout-flow wp-block-column-is-layout-flow\" style=\"flex-basis:30%\"><h1 class=\"wp-block-post-title\">Vizija<\/h1>\n\n\n<p>Slijedimo korporativnu politiku koja je potpuno odgovorna i usmjerena prema zadovoljenju interesa svih dionika, s visokim stupnjem dru\u0161tvene i korporativne odgovornosti. Dugoro\u010dna ekonomska i financijska stabilnost tvrtke osigurava zaposlenicima sigurnost posla, a primjeren \u017eivotni standard motivira zaposlenike na kvalitetan rad.<\/p>\n\n\n\n<p class=\"mb-0\">Stalna potraga i traganje za novim poslovnim prilikama osigurava da tvrtka ostvaruje svoje ciljeve i zadatke. Posebnu pa\u017enju posve\u0107ujemo na\u0161im poslovnim partnerima. Potencijal na\u0161e tvrtke vidimo u partnerstvima koja su osnovana na principu me\u0111usobnog zadovoljstva.<\/p>\n<\/div>\n\n\n\n<div class=\"wp-block-column half-image mb-0 relative b-orange is-layout-flow wp-block-column-is-layout-flow\" style=\"flex-basis:66.66%\">\n<figure class=\"wp-block-image alignfull size-large half-image mb-0\"><img loading=\"lazy\" decoding=\"async\" width=\"1024\" height=\"684\" src=\"https:\/\/fa-maik.com\/wp-content\/uploads\/2022\/09\/skladisce-1024x684.jpg\" alt=\"\" class=\"wp-image-1791\" title=\"\" srcset=\"https:\/\/fa-maik.com\/wp-content\/uploads\/2022\/09\/skladisce-1024x684.jpg 1024w, https:\/\/fa-maik.com\/wp-content\/uploads\/2022\/09\/skladisce-300x200.jpg 300w, https:\/\/fa-maik.com\/wp-content\/uploads\/2022\/09\/skladisce-768x513.jpg 768w, https:\/\/fa-maik.com\/wp-content\/uploads\/2022\/09\/skladisce-1536x1026.jpg 1536w, https:\/\/fa-maik.com\/wp-content\/uploads\/2022\/09\/skladisce.jpg 1920w\" sizes=\"auto, (max-width: 1024px) 100vw, 1024px\" \/><figcaption class=\"wp-element-caption\">Tvrtka F.A. MAIK d.o.o. je tvrtka koja pru\u017ea sveobuhvatne logisti\u010dke usluge i 100% je u privatnom vlasni\u0161tvu. Tvrtku F.A. maik d.o.o. osnovao je 1992. g. Marjan Bezjak.<\/figcaption><\/figure>\n<\/div>\n<\/div>\n<\/div><\/div>\n\n\n\n<div class=\"wp-block-columns pt-3 md-gap-3 mb-5 is-layout-flex wp-container-core-columns-is-layout-9d6595d7 wp-block-columns-is-layout-flex\">\n<div class=\"wp-block-column hide-on-mobile is-layout-flow wp-block-column-is-layout-flow\" style=\"flex-basis:30%\"><\/div>\n\n\n\n<div class=\"wp-block-column mb-0 is-layout-flow wp-block-column-is-layout-flow\" style=\"flex-basis:66.66%\">\n<p class=\"mb-0\">Ostajemo usmjereni na pru\u017eanje kvalitetnih, konkurentnih i pravovremenih usluga u skladi\u0161tenju, carini i transportu. \u017delimo ispuniti o\u010dekivanja na\u0161ih poslovnih partnera i na taj na\u010din etablirati F.A. MAIK kao organizaciju koja se, zahvaljuju\u0107i uvo\u0111enju suvremenih koncepata upravljanja svrstava me\u0111u vode\u0107a logisti\u010dka poduze\u0107a u Sloveniji.<\/p>\n<\/div>\n<\/div>\n\n\n\n<div class=\"wp-block-group padd-0 before-bg relative has-background\" style=\"background-color:#f3f3f3\"><div class=\"wp-block-group__inner-container is-layout-flow wp-block-group-is-layout-flow\">\n<div class=\"wp-block-columns sm-gap-0 mb-0 is-layout-flex wp-container-core-columns-is-layout-9d6595d7 wp-block-columns-is-layout-flex\">\n<div class=\"wp-block-column is-vertically-aligned-center pt-5 sm-pb-5 relative sm-full-width-1 col-vizija has-background is-layout-flow wp-block-column-is-layout-flow\" style=\"background-color:#f3f3f3;flex-basis:70%\"><h1 class=\"mb-5 sm-max-width-370 sm-mb-2 wp-block-post-title\">Vizija<\/h1>\n\n\n<a href=\"https:\/\/fa-maik.com\/hr\/zaposlenje\/\">\n<button class=\"btn sm-center\">\n\t\t<span class=\"text\">Prikaz slobodnih radnih mjesta<\/span>\n\t\t<div class=\"icon-container\">\n\t\t\t<div class=\"icon icon--left\">\n\t\t\t\t<svg>\n\t\t\t\t\t<use xlink:href=\"#arrow-right\"><\/use>\n\t\t\t\t<\/svg>\n\t\t\t<\/div>\n\t\t\t<div class=\"icon icon--right\">\n\t\t\t\t<svg>\n\t\t\t\t\t<use xlink:href=\"#arrow-right\"><\/use>\n\t\t\t\t<\/svg>\n\t\t\t<\/div>\n\t\t<\/div>\n\t<\/button>\n\n<svg style=\"display: none;\">\n\t<symbol id=\"arrow-right\" viewbox=\"0 0 20 10\">\n\t\t<path d=\"M14.84 0l-1.08 1.06 3.3 3.2H0v1.49h17.05l-3.3 3.2L14.84 10 20 5l-5.16-5z\"><\/path>\n\t<\/symbol>\n<\/svg>\n<\/a>\n<\/div>\n\n\n\n<div class=\"wp-block-column is-layout-flow wp-block-column-is-layout-flow\" style=\"flex-basis:66.66%\">\n<figure class=\"wp-block-image alignfull size-large half-image1 mb-0\"><img loading=\"lazy\" decoding=\"async\" width=\"1024\" height=\"575\" src=\"https:\/\/www.fa-maik.com\/wp-content\/uploads\/2022\/08\/skladiscni-delavec-1024x575.jpg\" alt=\"\" class=\"wp-image-708\" title=\"\" srcset=\"https:\/\/fa-maik.com\/wp-content\/uploads\/2022\/08\/skladiscni-delavec-1024x575.jpg 1024w, https:\/\/fa-maik.com\/wp-content\/uploads\/2022\/08\/skladiscni-delavec-300x168.jpg 300w, https:\/\/fa-maik.com\/wp-content\/uploads\/2022\/08\/skladiscni-delavec-768x431.jpg 768w, https:\/\/fa-maik.com\/wp-content\/uploads\/2022\/08\/skladiscni-delavec-1536x863.jpg 1536w, https:\/\/fa-maik.com\/wp-content\/uploads\/2022\/08\/skladiscni-delavec.jpg 1923w\" sizes=\"auto, (max-width: 1024px) 100vw, 1024px\" \/><\/figure>\n<\/div>\n<\/div>\n<\/div><\/div>\n","protected":false},"excerpt":{"rendered":"<p>Slijedimo korporativnu politiku koja je potpuno odgovorna i usmjerena prema zadovoljenju interesa svih dionika, s visokim stupnjem dru\u0161tvene i korporativne odgovornosti. Dugoro\u010dna ekonomska i financijska stabilnost tvrtke osigurava zaposlenicima sigurnost posla, a primjeren \u017eivotni standard motivira zaposlenike na kvalitetan rad. Stalna potraga i traganje za novim poslovnim prilikama osigurava da tvrtka ostvaruje svoje ciljeve i &#8230; <a title=\"Vizija\" class=\"read-more\" href=\"https:\/\/fa-maik.com\/hr\/zelite-li-zajedno-stvoriti-nasu-viziju\/\" aria-label=\"More on Vizija\">Op\u0161irnije<\/a><\/p>\n","protected":false},"author":1,"featured_media":0,"parent":0,"menu_order":0,"comment_status":"closed","ping_status":"closed","template":"","meta":{"footnotes":""},"class_list":["post-1934","page","type-page","status-publish"],"_links":{"self":[{"href":"https:\/\/fa-maik.com\/hr\/wp-json\/wp\/v2\/pages\/1934","targetHints":{"allow":["GET"]}}],"collection":[{"href":"https:\/\/fa-maik.com\/hr\/wp-json\/wp\/v2\/pages"}],"about":[{"href":"https:\/\/fa-maik.com\/hr\/wp-json\/wp\/v2\/types\/page"}],"author":[{"embeddable":true,"href":"https:\/\/fa-maik.com\/hr\/wp-json\/wp\/v2\/users\/1"}],"replies":[{"embeddable":true,"href":"https:\/\/fa-maik.com\/hr\/wp-json\/wp\/v2\/comments?post=1934"}],"version-history":[{"count":6,"href":"https:\/\/fa-maik.com\/hr\/wp-json\/wp\/v2\/pages\/1934\/revisions"}],"predecessor-version":[{"id":2185,"href":"https:\/\/fa-maik.com\/hr\/wp-json\/wp\/v2\/pages\/1934\/revisions\/2185"}],"wp:attachment":[{"href":"https:\/\/fa-maik.com\/hr\/wp-json\/wp\/v2\/media?parent=1934"}],"curies":[{"name":"wp","href":"https:\/\/api.w.org\/{rel}","templated":true}]}}