{"id":1928,"date":"2022-08-30T09:51:20","date_gmt":"2022-08-30T09:51:20","guid":{"rendered":"https:\/\/fa-maik.com\/kontakt\/"},"modified":"2025-09-11T09:13:38","modified_gmt":"2025-09-11T09:13:38","slug":"kontakt","status":"publish","type":"page","link":"https:\/\/fa-maik.com\/hr\/kontakt\/","title":{"rendered":"Kontakt"},"content":{"rendered":"\n<div class=\"wp-block-columns md-gap-3 is-layout-flex wp-container-core-columns-is-layout-9d6595d7 wp-block-columns-is-layout-flex\">\n<div class=\"wp-block-column is-layout-flow wp-block-column-is-layout-flow\" style=\"flex-basis:22%\">\n<div class=\"wp-block-columns mb-3 sm-mb-0 is-layout-flex wp-container-core-columns-is-layout-9d6595d7 wp-block-columns-is-layout-flex\">\n<div class=\"wp-block-column inset-2 has-background is-layout-flow wp-block-column-is-layout-flow\" style=\"background-color:#f3f3f3\">\n<p style=\"font-size:21px\"><strong>F.A. MAIK SLOVENIJA<\/strong><\/p>\n\n\n\n<p class=\"mb-3\">F.A.MAIK d.o.o.<br>PE Perhav\u010deva 10<br>SI &#8211; 2000 Maribor<\/p>\n\n\n\n<p class=\"line-height-2 has-contrast-color has-text-color\" style=\"font-size:14px\"><strong>Skladi\u0161tenje: <a href=\"tel:+386%20(0)2%20460%2000%2098\" data-type=\"tel\" data-id=\"tel:+386 (0)2 460 00 98\">+386 (0)2 460 00 98<\/a><br>Prijevoz: <a href=\"tel:+386%20(0)2%20460%2000%2095\" data-type=\"tel\" data-id=\"tel:+386 (0)2 460 00 95\">+386 (0)2 460 00 95<\/a><br>\u0160pedicija: <a href=\"tel:+386%20(0)2%20460%2000%2084\" data-type=\"tel\" data-id=\"tel:+386 (0)2 460 00 84\">+386 (0)2 460 00 84<\/a><\/strong><\/p>\n<\/div>\n<\/div>\n<\/div>\n\n\n\n<div class=\"wp-block-column is-layout-flow wp-block-column-is-layout-flow\" style=\"flex-basis:66.66%\">\n<div class=\"wp-block-columns mt-2 mb-3 sm-gap-1 sm-mt-0 is-layout-flex wp-container-core-columns-is-layout-9d6595d7 wp-block-columns-is-layout-flex\">\n<div class=\"wp-block-column is-layout-flow wp-block-column-is-layout-flow\">\n<p class=\"mb-1\" style=\"font-size:21px\"><strong>Skladi\u0161te<\/strong><\/p>\n\n\n\n<p style=\"font-size:16px\">Matej Kurnik<\/p>\n\n\n\n<p class=\"line-height-2 has-contrast-color has-text-color\" style=\"font-size:14px\"><strong><strong>Telefon:<\/strong>\u00a0<a href=\"tel:+386 (0)2 460 00 98\"><\/a><strong><strong><a href=\"tel:+386 (0)2 460 00 98\">+386 (0)2<\/a><\/strong><\/strong>\u00a0460 00 98<strong><br>Mobilni telefon:\u00a0<\/strong><a href=\"tel:+386 31 340 041\"><\/a><strong><strong><a href=\"tel:00386 51 211 910\">00386\u00a0<\/a><\/strong>31 340 041<br><a href=\"mailto:matej.kurnik@fa-maik.com\">matej.kurnik@fa-maik.com<\/a><\/strong>     <\/strong><\/p>\n<\/div>\n\n\n\n<div class=\"wp-block-column is-layout-flow wp-block-column-is-layout-flow\">\n<p style=\"font-size:16px\"><strong>Repozitorij SDC-a<\/strong><br>Skladi\u0161tenje kemijskih proizvoda<\/p>\n\n\n\n<div style=\"height:0px\" aria-hidden=\"true\" class=\"wp-block-spacer\"><\/div>\n\n\n\n<p class=\"line-height-2 has-contrast-color has-text-color\" style=\"font-size:14px\"><strong>Telefon:<\/strong>\u00a0<a href=\"tel:+386 (0)2 460 00 98\"><\/a><strong><strong><a href=\"tel:+386 (0)2 460 00 98\">+386 (0)2<\/a><\/strong><\/strong><a href=\"tel:+386 2 460 00 73\"><strong>\u00a0460 00 73<\/strong><\/a><br><a href=\"mailto:prevzem@fa-maik.com\"><strong>prevzem@fa-maik.com<\/strong><\/a><br><strong><a href=\"mailto:odprema@fa-maik.com\">odprema@fa-maik.com<\/a><\/strong><\/p>\n<\/div>\n\n\n\n<div class=\"wp-block-column is-layout-flow wp-block-column-is-layout-flow\">\n<p class=\"mb1\" style=\"font-size:16px\"><strong>Skladi\u0161te PLATFROMA<\/strong><br>Skladi\u0161te ambala\u017ee i ostalih gotovih proizvoda<\/p>\n\n\n\n<p class=\"line-height-2 has-contrast-color has-text-color\" style=\"font-size:14px\"><strong><strong>Telefon:\u00a0<a href=\"tel:+386 2 461 23 96\"><\/a><a href=\"tel:+386 (0)2 460 00 98\"><\/a><strong><a href=\"tel:+386 (0)2 460 00 98\">+386 (0)2<\/a><\/strong>\u00a0461 23 96<br><a href=\"mailto:matej.kurnik@fa-maik.com\"><\/a><a href=\"mailto:matej.kurnik@fa-maik.com\" target=\"_blank\" rel=\"noreferrer noopener\">matej.kurnik@fa-maik.com<\/a><\/strong><\/strong><\/p>\n<\/div>\n<\/div>\n\n\n\n<div class=\"wp-block-columns mt-2 mb-1 sm-gap-1 is-layout-flex wp-container-core-columns-is-layout-9d6595d7 wp-block-columns-is-layout-flex\">\n<div class=\"wp-block-column is-layout-flow wp-block-column-is-layout-flow\">\n<p class=\"mb-1\" style=\"font-size:21px\"><strong>Transport<\/strong><\/p>\n\n\n\n<p class=\"mb-1\" style=\"font-size:16px\"><strong>Voditelj prijevoza i \u0161pedicije:<\/strong><br>Barbara \u010cu\u010dek  <\/p>\n\n\n\n<p class=\"line-height-2 has-contrast-color has-text-color\" style=\"font-size:14px\"><strong>Telefon:\u00a0<a href=\"tel:+386 2 46 000 95\"><\/a><a href=\"tel:+386 (0)2 460 00 98\"><\/a><strong><a href=\"tel:+386 (0)2 460 00 98\">+386 (0)2<\/a><\/strong>\u00a046 000 95<br>Mobilni telefon:\u00a0<\/strong><a href=\"tel:+ +386 31 612 558\"><\/a><strong><strong><a href=\"tel:00386 51 211 910\">00386\u00a0<\/a><\/strong>31 612 558<br><\/strong><a href=\"mailto:jure.pepevnik@fa-maik.com\"><\/a><strong><a href=\"mailto:barbara.cucek@fa-maik.com\" target=\"_blank\" rel=\"noreferrer noopener\">barbara.cucek@fa-maik.com<\/a><\/strong><\/p>\n<\/div>\n<\/div>\n\n\n\n<div class=\"wp-block-columns mt-2 mb-3 sm-gap-1 sm-mt-0 is-layout-flex wp-container-core-columns-is-layout-9d6595d7 wp-block-columns-is-layout-flex\">\n<div class=\"wp-block-column is-layout-flow wp-block-column-is-layout-flow\">\n<p class=\"mb-1\" style=\"font-size:15px\"><strong>Slu\u017ebenik za promet:<\/strong> <\/p>\n\n\n\n<p class=\"mb-1\" style=\"font-size:15px\">Sebastijan Majer <br><strong>Me\u0111unarodni prijevoz<\/strong><\/p>\n\n\n\n<p class=\"line-height-2 has-contrast-color has-text-color\" style=\"font-size:14px\"><strong>Telefon:\u00a0<a href=\"tel:+386 (0)2 460 00 95\">:\u00a0<\/a><\/strong><a href=\"tel: +386 2 46 000 56\"><\/a><strong><a href=\"tel:+386 (0)2 460 00 98\"><\/a><strong><a href=\"tel:+386 (0)2 460 00 98\">+386 (0)2<\/a><\/strong>\u00a046 000 56<br>Mobilni telefon:\u00a0<\/strong><a href=\"tel:+  +386 31 723 613\"><\/a><strong><strong><a href=\"tel:00386 51 211 910\">00386\u00a0<\/a><\/strong>31 723 613<br><\/strong><a href=\"mailto:sebastijan.majer@fa-maik.com\"><strong>sebastijan.majer@fa-maik.com<\/strong><\/a><\/p>\n<\/div>\n\n\n\n<div class=\"wp-block-column is-layout-flow wp-block-column-is-layout-flow\">\n<p class=\"mb-2h sm-mb-1\" style=\"font-size:16px\"><strong>Slu\u017ebenik za promet: <\/strong><\/p>\n\n\n\n<p class=\"mb-2h sm-mb-1\" style=\"font-size:16px\">Monika Klan\u010dnik<\/p>\n\n\n\n<p class=\"mb-2h sm-mb-1\" style=\"font-size:16px\">Intermodalni prijevoz<br><\/p>\n\n\n\n<p class=\"line-height-2 has-contrast-color has-text-color\" style=\"font-size:14px\"><strong>Telefon:\u00a0<\/strong><a href=\"tel:+386 2 46 000 76\"><\/a><strong><a href=\"tel:+386 (0)2 460 00 98\"><\/a><strong><a href=\"tel:+386 (0)2 460 00 98\">+386 (0)2<\/a><\/strong>\u00a046 000\u00a033<br>Mobilni telefon:\u00a0<strong><a href=\"tel:00386 51 211 910\">00386\u00a0<\/a><\/strong>31 664 492<br><\/strong><a href=\"mailto:tamara.pusnik@fa-maik.com\"><strong>monika.klancnik@fa-maik.com<\/strong><\/a><strong> <\/strong><\/p>\n<\/div>\n\n\n\n<div class=\"wp-block-column is-layout-flow wp-block-column-is-layout-flow\">\n<p class=\"mb-1\" style=\"font-size:16px\"><strong>Slu\u017ebenik za promet: <\/strong><\/p>\n\n\n\n<p class=\"mb-1\" style=\"font-size:16px\">Tatjana \u010cu\u0161<br><strong>Distribucija Slovenija, Hrvatska, Austrija<\/strong><\/p>\n\n\n\n<p class=\"line-height-2 has-contrast-color has-text-color\" style=\"font-size:14px\"><strong><strong>Telefon:\u00a0<\/strong><a href=\"tel:+386 2 46 000 91\"><\/a><strong><a href=\"tel:+386 (0)2 460 00 98\"><\/a><strong><a href=\"tel:+386 (0)2 460 00 98\">+386 (0)2<\/a><\/strong>\u00a046 000 91<br>Mobilni telefon:<\/strong><a href=\"tel: +386 51 626 132\">\u00a0<\/a><strong><strong><a href=\"tel:00386 51 211 910\">00386\u00a0<\/a><\/strong>51 626 132<br><\/strong><a href=\"mailto:tatjana.cus@fa-maik.com\"><strong>tatjana.cus@fa-maik.com<\/strong><\/a><\/strong><\/p>\n<\/div>\n<\/div>\n\n\n\n<div class=\"wp-block-columns mt-2 is-layout-flex wp-container-core-columns-is-layout-9d6595d7 wp-block-columns-is-layout-flex\">\n<div class=\"wp-block-column is-layout-flow wp-block-column-is-layout-flow\">\n<p class=\"mb-1\" style=\"font-size:21px\"><strong>Financije<\/strong><\/p>\n\n\n\n<p class=\"mb-1\" style=\"font-size:16px\"><strong>Voditelj financija i kontrolinga:<\/strong> Jasna Sivka<\/p>\n\n\n\n<p class=\"line-height-2 has-contrast-color has-text-color\" style=\"font-size:14px\"><strong>Telefon:\u00a0<\/strong><a href=\"tel:+386 2 46 000 87\"><\/a><strong><a href=\"tel:+386 (0)2 460 00 98\"><\/a><strong><a href=\"tel:+386 (0)2 460 00 98\">+386 (0)2<\/a><\/strong>\u00a046 000 87<br>Mobilni telefon:\u00a0<\/strong><a href=\"tel:+386 51 301 014\"><\/a><strong><strong><a href=\"tel:00386 51 211 910\">00386\u00a0<\/a><\/strong>51 301 014<\/strong><br><strong><a href=\"mailto:jasna.sivka@fa-maik.com\">jasna.sivka@fa-maik.com<\/a><\/strong><\/p>\n\n\n\n<p><\/p>\n\n\n\n<p class=\"mb-1\" style=\"font-size:21px\"><strong><strong>Kupac<\/strong><\/strong><\/p>\n\n\n\n<p class=\"mb-1\" style=\"font-size:16px\"><strong><strong>Upravitelj klju\u010dnih ra\u010duna<\/strong><\/strong> <\/p>\n\n\n\n<p class=\"mb-1\" style=\"font-size:16px\">Nika Antoli\u010d<\/p>\n\n\n\n<p class=\"line-height-2 has-contrast-color has-text-color\" style=\"font-size:14px\"><strong>Telefon:\u00a0<\/strong><a href=\"tel:+386 2 46 000 50\"><\/a><strong><a href=\"tel:+386 (0)2 460 00 98\"><\/a><strong><a href=\"tel:+386 (0)2 460 00 98\">+386 (0)2<\/a><\/strong>\u00a046 000 50<br>Mobilni telefon:<\/strong>\u00a0<a href=\"tel:+386 51 666 309\"><\/a><strong><strong><a href=\"tel:00386 51 211 910\">00386\u00a0<\/a><\/strong>51 666 309<\/strong><br><a href=\"mailto:nika.antolic@fa-maik.com\"><strong>nika.antolic@fa-maik.com<\/strong><\/a><\/p>\n\n\n\n<p><\/p>\n\n\n\n<p class=\"mb-1\" style=\"font-size:21px\"><strong><strong><strong>Prodaja<\/strong><\/strong><\/strong><\/p>\n\n\n\n<p class=\"mb-1\" style=\"font-size:16px\"><strong>Prodajni specialist<\/strong><\/p>\n\n\n\n<p class=\"mb-1\" style=\"font-size:16px\">Mia Petrovi\u0107<\/p>\n\n\n\n<p class=\"line-height-2 has-contrast-color has-text-color\" style=\"font-size:14px\"><strong>Mobilni telefon:<\/strong><\/p>\n\n\n\n<p class=\"line-height-2 has-contrast-color has-text-color\" style=\"font-size:14px\"><strong><a href=\"tel:00386 51 211 910\">00386 51 211 910<\/a><\/strong><br><a href=\"mailto:mia.petrovic@fa-maik.com\"><strong>mia.petrovic@fa-maik.com<\/strong><\/a><\/p>\n<\/div>\n\n\n\n<div class=\"wp-block-column is-layout-flow wp-block-column-is-layout-flow\">\n<p class=\"mb-1\" style=\"font-size:21px\"><strong>Marketing<\/strong><\/p>\n\n\n\n<p class=\"mb-2h sm-mb-1\" style=\"font-size:16px\">Samo Kuplen<\/p>\n\n\n\n<p class=\"line-height-2 has-contrast-color has-text-color\" style=\"font-size:14px\"><strong>Mobilni telefon:<\/strong><\/p>\n\n\n\n<p class=\"line-height-2 has-contrast-color has-text-color\" style=\"font-size:14px\"><strong><a href=\"tel:00386 51 211 910\"><strong><\/strong><\/a><a href=\"tel:00386 51 211 910\">00386&nbsp;<\/a><a href=\"tel:+38651680893\">51 680 893<\/a><\/strong><br><a href=\"mailto:mia.petrovic@fa-maik.com\"><strong><\/strong><\/a><strong><a href=\"mailto:mia.petrovic@fa-maik.com\"><strong>samo.kuplen@fa-maik.com<\/strong><\/a><\/strong><\/p>\n<\/div>\n\n\n\n<div class=\"wp-block-column hide-on-mobile is-layout-flow wp-block-column-is-layout-flow\">\n<div style=\"height:63px\" aria-hidden=\"true\" class=\"wp-block-spacer\"><\/div>\n\n\n\n<p style=\"font-size:16px\"><\/p>\n<\/div>\n<\/div>\n<\/div>\n<\/div>\n\n\n\n<div class=\"wp-block-columns md-gap-3 is-layout-flex wp-container-core-columns-is-layout-9d6595d7 wp-block-columns-is-layout-flex\">\n<div class=\"wp-block-column is-layout-flow wp-block-column-is-layout-flow\" style=\"flex-basis:22%\">\n<div class=\"wp-block-columns is-layout-flex wp-container-core-columns-is-layout-9d6595d7 wp-block-columns-is-layout-flex\">\n<div class=\"wp-block-column inset-2 mb-2 has-background is-layout-flow wp-block-column-is-layout-flow\" style=\"background-color:#f3f3f3\">\n<p style=\"font-size:21px\"><strong>PE BE\u010c<\/strong><\/p>\n\n\n\n<p class=\"mb-3\">HENKEL CEE<br>Breitenfurterstrasse 57-59<br>AT \u2013 1120 Wien<br>Austrija<\/p>\n\n\n\n<p class=\"line-height-2 has-contrast-color has-text-color\" style=\"font-size:14px\"><strong>Tel: <\/strong><a href=\"tel:++43%20650%2065%2015%20337\" data-type=\"tel\" data-id=\"tel:++43 650 65 15 337\">\n  <strong>+43 650 65 15 337<\/strong>\n<\/a><br><strong>Tel: <\/strong><a href=\"tel:+431%20711%20042%20785\" data-type=\"tel\" data-id=\"tel:+431 711 042 785\">\n  <strong>+431 711 042 785<\/strong>\n<\/a><br><strong>Samo Atlagi\u010d<br><a href=\"mailto:samo.atlagic@fa-maik.com\">samo.atlagic@fa-maik.com<\/a><\/strong><\/p>\n<\/div>\n<\/div>\n\n\n\n<div class=\"wp-block-columns is-layout-flex wp-container-core-columns-is-layout-9d6595d7 wp-block-columns-is-layout-flex\">\n<div class=\"wp-block-column inset-2 has-background is-layout-flow wp-block-column-is-layout-flow\" style=\"background-color:#f3f3f3\">\n<p style=\"font-size:21px\"><strong>F.A MAIK Logistics d.o.o.<\/strong><\/p>\n\n\n\n<p class=\"mb-3\">Radni\u010dka cesta 173\/P<br>10000 Zagreb<br>Hrvatska<\/p>\n\n\n\n<p class=\"line-height-2 has-contrast-color has-text-color\" style=\"font-size:14px\"><strong>Tel: <a href=\"https:\/\/www.fa-maik.com\/?page_id=920\" data-type=\"page\" data-id=\"920\">+385 (1) 201 66 54<\/a><\/strong><br><strong>Tel:<\/strong><a href=\"tel:+385%2091%20619%201384\" data-type=\"tel\" data-id=\"tel:+385 91 619 1384\">\n  <strong> +385 91 619 1384<\/strong>\n<\/a><strong><br>Anita Topi\u0107<br><\/strong><a href=\"mailto:preuzimanje@fa-maik.com\">\n  <strong>preuzimanje@fa-maik.com<\/strong>\n<\/a><\/p>\n<\/div>\n<\/div>\n\n\n\n<div class=\"wp-block-columns mb-0 is-layout-flex wp-container-core-columns-is-layout-9d6595d7 wp-block-columns-is-layout-flex\">\n<div class=\"wp-block-column inset-2 has-background is-layout-flow wp-block-column-is-layout-flow\" style=\"background-color:#f3f3f3\">\n<p style=\"font-size:21px\"><strong>F.A MAIK Group Logistics d.o.o.<\/strong><\/p>\n\n\n\n<p class=\"mb-3\">Bulevar Milutina Milankovicha 1<br>RS \u2013 11070 Novi Beograd<br>Srbija<\/p>\n\n\n\n<p class=\"line-height-2 has-contrast-color has-text-color\" style=\"font-size:14px\"><strong>Tel: <a href=\"tel:+386%20(0)2%20460%2000%2084\" data-type=\"tel\" data-id=\"tel:+386 (0)2 460 00 84\">+386 (0)2 460 00 84<\/a><br><\/strong><a href=\"mailto:mitja.zgoznik@fa-maik.com\"><br><\/a><\/p>\n<\/div>\n<\/div>\n<\/div>\n\n\n\n<div class=\"wp-block-column inset-2 has-background is-layout-flow wp-block-column-is-layout-flow\" style=\"background-color:#f3f3f3;flex-basis:66.66%\" id=\"povprasevanje\">\n<h2 class=\"wp-block-heading sm-mb-2\">OBRAZAC KONTAKTA<\/h2>\n\n\n\n<div class=\"wp-block-contact-form-7-contact-form-selector\">\n<div class=\"wpcf7 no-js\" id=\"wpcf7-f1951-o1\" lang=\"hr\" dir=\"ltr\" data-wpcf7-id=\"1951\">\n<div class=\"screen-reader-response\"><p role=\"status\" aria-live=\"polite\" aria-atomic=\"true\"><\/p> <ul><\/ul><\/div>\n<form action=\"\/hr\/wp-json\/wp\/v2\/pages\/1928#wpcf7-f1951-o1\" method=\"post\" class=\"wpcf7-form init\" aria-label=\"Kontakt obrazac\" novalidate=\"novalidate\" data-status=\"init\">\n<div style=\"display: none;\">\n<input type=\"hidden\" name=\"_wpcf7\" value=\"1951\" \/>\n<input type=\"hidden\" name=\"_wpcf7_version\" value=\"6.0.5\" \/>\n<input type=\"hidden\" name=\"_wpcf7_locale\" value=\"hr\" \/>\n<input type=\"hidden\" name=\"_wpcf7_unit_tag\" value=\"wpcf7-f1951-o1\" \/>\n<input type=\"hidden\" name=\"_wpcf7_container_post\" value=\"0\" \/>\n<input type=\"hidden\" name=\"_wpcf7_posted_data_hash\" value=\"\" \/>\n<\/div>\n<div class=\"wp-block-columns md-gap-3 mb-2\">\n\t<div class=\"wp-block-column\">\n\t\t<p><label> Ime i prezime<br \/>\n<span class=\"wpcf7-form-control-wrap\" data-name=\"your-name\"><input size=\"40\" maxlength=\"400\" class=\"wpcf7-form-control wpcf7-text\" aria-invalid=\"false\" value=\"\" type=\"text\" name=\"your-name\" \/><\/span> <\/label>\n\t\t<\/p>\n\t<\/div>\n\t<div class=\"wp-block-column\">\n\t\t<p><label> Tvrtka<br \/>\n<span class=\"wpcf7-form-control-wrap\" data-name=\"your-company\"><input size=\"40\" maxlength=\"400\" class=\"wpcf7-form-control wpcf7-text\" aria-invalid=\"false\" value=\"\" type=\"text\" name=\"your-company\" \/><\/span> <\/label>\n\t\t<\/p>\n\t<\/div>\n<\/div>\n<div class=\"wp-block-columns md-gap-3 mb-2\">\n\t<div class=\"wp-block-column\">\n\t\t<p><label> Telefon<br \/>\n<span class=\"wpcf7-form-control-wrap\" data-name=\"your-tel\"><input size=\"40\" maxlength=\"400\" class=\"wpcf7-form-control wpcf7-tel wpcf7-text wpcf7-validates-as-tel\" aria-invalid=\"false\" value=\"\" type=\"tel\" name=\"your-tel\" \/><\/span> <\/label>\n\t\t<\/p>\n\t<\/div>\n\t<div class=\"wp-block-column\">\n\t\t<p><label> E-mail<br \/>\n<span class=\"wpcf7-form-control-wrap\" data-name=\"your-email\"><input size=\"40\" maxlength=\"400\" class=\"wpcf7-form-control wpcf7-email wpcf7-validates-as-required wpcf7-text wpcf7-validates-as-email\" aria-required=\"true\" aria-invalid=\"false\" value=\"\" type=\"email\" name=\"your-email\" \/><\/span> <\/label>\n\t\t<\/p>\n\t<\/div>\n<\/div>\n<div class=\"wp-block-columns md-gap-3 mb-2\">\n\t<div class=\"wp-block-column\">\n\t\t<p><label> Naslov poruke<br \/>\n<span class=\"wpcf7-form-control-wrap\" data-name=\"naziv\"><input size=\"40\" maxlength=\"400\" class=\"wpcf7-form-control wpcf7-text wpcf7-validates-as-required\" aria-required=\"true\" aria-invalid=\"false\" value=\"\" type=\"text\" name=\"naziv\" \/><\/span> <\/label>\n\t\t<\/p>\n\t<\/div>\n\t<div class=\"wp-block-column hide-on-mobile\">\n\t<\/div>\n<\/div>\n<div class=\"wp-block-columns md-gap-3 mb-2\">\n\t<div class=\"wp-block-column\">\n\t\t<p><label> Poruka<br \/>\n<span class=\"wpcf7-form-control-wrap\" data-name=\"sporocilo\"><textarea cols=\"40\" rows=\"4\" maxlength=\"2000\" class=\"wpcf7-form-control wpcf7-textarea\" aria-invalid=\"false\" name=\"sporocilo\"><\/textarea><\/span> <\/label>\n\t\t<\/p>\n\t<\/div>\n<\/div>\n<p><span class=\"wpcf7-form-control-wrap\" data-name=\"your-consent\"><span class=\"wpcf7-form-control wpcf7-acceptance\"><span class=\"wpcf7-list-item\"><label><input type=\"checkbox\" name=\"your-consent\" value=\"1\" aria-invalid=\"false\" \/><span class=\"wpcf7-list-item-label\">Sla\u017eem se s obradom unesenih podataka.<\/span><\/label><\/span><\/span><\/span>\n<\/p>\n<p><button type=\"submit\" class=\"wpcf7-form-control has-spinner wpcf7-submit\">Po\u0161alji<i class=\"fa-solid fa-arrow-right ml-0-5\"><\/i><\/button>\n<\/p><div class=\"wpcf7-response-output\" aria-hidden=\"true\"><\/div>\n<\/form>\n<\/div>\n<\/div>\n<\/div>\n<\/div>\n","protected":false},"excerpt":{"rendered":"<p>F.A. MAIK SLOVENIJA F.A.MAIK d.o.o.PE Perhav\u010deva 10SI &#8211; 2000 Maribor Skladi\u0161tenje: +386 (0)2 460 00 98Prijevoz: +386 (0)2 460 00 95\u0160pedicija: +386 (0)2 460 00 84 Skladi\u0161te Matej Kurnik Telefon:\u00a0+386 (0)2\u00a0460 00 98Mobilni telefon:\u00a000386\u00a031 340 041matej.kurnik@fa-maik.com Repozitorij SDC-aSkladi\u0161tenje kemijskih proizvoda Telefon:\u00a0+386 (0)2\u00a0460 00 73prevzem@fa-maik.comodprema@fa-maik.com Skladi\u0161te PLATFROMASkladi\u0161te ambala\u017ee i ostalih gotovih proizvoda Telefon:\u00a0+386 (0)2\u00a0461 23 96matej.kurnik@fa-maik.com &#8230; <a title=\"Kontakt\" class=\"read-more\" href=\"https:\/\/fa-maik.com\/hr\/kontakt\/\" aria-label=\"More on Kontakt\">Op\u0161irnije<\/a><\/p>\n","protected":false},"author":1,"featured_media":0,"parent":0,"menu_order":0,"comment_status":"closed","ping_status":"closed","template":"","meta":{"footnotes":""},"class_list":["post-1928","page","type-page","status-publish"],"_links":{"self":[{"href":"https:\/\/fa-maik.com\/hr\/wp-json\/wp\/v2\/pages\/1928","targetHints":{"allow":["GET"]}}],"collection":[{"href":"https:\/\/fa-maik.com\/hr\/wp-json\/wp\/v2\/pages"}],"about":[{"href":"https:\/\/fa-maik.com\/hr\/wp-json\/wp\/v2\/types\/page"}],"author":[{"embeddable":true,"href":"https:\/\/fa-maik.com\/hr\/wp-json\/wp\/v2\/users\/1"}],"replies":[{"embeddable":true,"href":"https:\/\/fa-maik.com\/hr\/wp-json\/wp\/v2\/comments?post=1928"}],"version-history":[{"count":8,"href":"https:\/\/fa-maik.com\/hr\/wp-json\/wp\/v2\/pages\/1928\/revisions"}],"predecessor-version":[{"id":2374,"href":"https:\/\/fa-maik.com\/hr\/wp-json\/wp\/v2\/pages\/1928\/revisions\/2374"}],"wp:attachment":[{"href":"https:\/\/fa-maik.com\/hr\/wp-json\/wp\/v2\/media?parent=1928"}],"curies":[{"name":"wp","href":"https:\/\/api.w.org\/{rel}","templated":true}]}}