{"id":1911,"date":"2022-09-15T09:56:26","date_gmt":"2022-09-15T09:56:26","guid":{"rendered":"https:\/\/fa-maik.com\/kolacici\/"},"modified":"2023-08-31T10:27:58","modified_gmt":"2023-08-31T10:27:58","slug":"kolacici","status":"publish","type":"page","link":"https:\/\/fa-maik.com\/hr\/kolacici\/","title":{"rendered":"Kola\u010di\u0107i"},"content":{"rendered":"  <div id=\"cmplz-document\" class=\"cmplz-document cookie-statement cmplz-document-eu\"><p><i>Ta pravilnik o pi\u0161kotkih je bil nazadnje posodobljen 15. septembra 2022 in velja za dr\u017eavljane in zakonite stalne prebivalce Evropskega gospodarskega prostora in \u0160vice<\/i><br><\/p><h2>1. Uvod<\/h2><p>Na\u0161e spletno mesto https:\/\/fa-maik.com (v nadaljevanju: &#8220;spletno mesto&#8221;) uporablja pi\u0161kotke in druge povezane tehnologije (zaradi priro\u010dnosti se vse tehnologije imenujejo &#8220;pi\u0161kotki&#8221;). Pi\u0161kotke postavljajo tudi tretje osebe, ki smo jih anga\u017eirali. V spodnjem dokumentu vas obve\u0161\u010damo o uporabi pi\u0161kotkov na na\u0161i spletni strani.<\/p><h2>2. Kaj so pi\u0161kotki<\/h2><p>Pi\u0161kotek je majhna preprosta datoteka, ki se po\u0161lje skupaj s stranmi tega spletnega mesta in jo va\u0161 brskalnik shrani na trdi disk va\u0161ega ra\u010dunalnika ali druge naprave. Podatki, ki so tam shranjeni, se lahko med naslednjim obiskom vrnejo na na\u0161e stre\u017enike ali na stre\u017enike ustreznih tretjih oseb.<\/p><h2>3. Kaj so skripte<\/h2><p>Skript je del programske kode, ki se uporablja za pravilno in interaktivno delovanje na\u0161e spletne strani. Ta koda se izvaja na na\u0161em stre\u017eniku ali na va\u0161i napravi.<\/p><h2>4. Kaj je pixel<\/h2><p>Pixel je je majhen, neviden ko\u0161\u010dek besedila ali slike na spletnem mestu, ki se uporablja za spremljanje prometa na spletnem mestu. Da bi to naredili, se razli\u010dni podatki o vas shranjujejo s spletnimi svetilniki.<\/p><h2>5. Pi\u0161kotki<\/h2><p class=\"cmplz-subtitle\">5.1 Tehni\u010dni ali funkcionalni pi\u0161kotki<\/p><p>Nekateri pi\u0161kotki zagotavljajo, da dolo\u010deni deli spletne strani delujejo pravilno in da va\u0161e uporabni\u0161ke nastavitve ostanejo znane. Z namestitvijo funkcionalnih pi\u0161kotkov vam olaj\u0161amo obisk na\u0161e spletne strani. Na ta na\u010din vam ob obisku na\u0161e spletne strani ni treba ve\u010dkrat vna\u0161ati istih podatkov in izdelki na primer ostanejo v va\u0161i nakupovalni ko\u0161arici, dokler ne pla\u010date. Te pi\u0161kotke lahko namestimo brez va\u0161ega soglasja.<\/p><p class=\"cmplz-subtitle\">5.2 Statisti\u010dni pi\u0161kotki<\/p><p>Statisti\u010dne pi\u0161kotke uporabljamo za optimizacijo spletne izku\u0161nje za na\u0161e uporabnike. S temi statisti\u010dnimi pi\u0161kotki dobimo vpogled v uporabo na\u0161e spletne strani. Prosimo za va\u0161e dovoljenje za namestitev statisti\u010dnih pi\u0161kotkov.<\/p><p class=\"cmplz-subtitle\">5.3 Marketin\u0161ki pi\u0161kotki<\/p><p>Pi\u0161kotki za tr\u017eenje\/sledenje so pi\u0161kotki ali katera koli druga oblika lokalnega shranjevanja, ki se uporablja za ustvarjanje uporabni\u0161kih profilov za prikazovanje oglasov ali za sledenje uporabniku na tem spletnem mestu ali na ve\u010d spletnih mestih za podobne marketin\u0161ke namene.<\/p><h2>6. Name\u0161\u010deni pi\u0161kotki<\/h2><div id=\"cmplz-cookies-overview\"><details class=\"cmplz-dropdown cmplz-service-desc cmplz-dropdown-cookiepolicy \"> <summary class=\"cmplz-service-header\"><div> <h3>Wistia<\/h3> <p>Statistika, Ogla\u0161evanje\/Sledenje<\/p> <input type=\"checkbox\" class=\"cmplz-accept-service cmplz-hidden\" data-service=\"wistia\" data-category=\"functional\"><\/div> <\/summary> <div class=\"cmplz-service-description\"> <h4>Usage<\/h4> <p>We use Wistia for video display. <a rel=\"noopener noreferrer nofollow\" href=\"https:\/\/cookiedatabase.org\/service\/wistia\/\" target=\"_blank\">Read more<\/a><\/p> <\/div> <div class=\"cmplz-sharing-data\"> <h4>Sharing data<\/h4> <p>For more information, please read the <a rel=\"noopener noreferrer nofollow\" href=\"https:\/\/wistia.com\/privacy\" target=\"_blank\">Wistia Privacy Statement<\/a>.<\/p> <\/div> <div class=\"cookies-per-purpose\">     <div class=\"purpose\"><h4>Statistika<\/h4><\/div>     <div class=\"name-header\"> <h5>Name<\/h5> <\/div> <div class=\"name\"><a rel=\"noopener noreferrer nofollow\" href=\"https:\/\/cookiedatabase.org\/cookie\/wistia\/wistia-video-progress\/\" target=\"_blank\">wistia-video-progress-*<\/a><\/div> <div class=\"retention-header\"> <h5>Expiration<\/h5> <\/div> <div class=\"retention\">persistent<\/div> <div class=\"function-header\"> <h5>Function<\/h5> <\/div> <div class=\"function\">Store if the user has seen embedded content<\/div>      <div class=\"purpose\"><h4>Ogla\u0161evanje\/Sledenje<\/h4><\/div>     <div class=\"name-header\"> <h5>Name<\/h5> <\/div> <div class=\"name\"><a rel=\"noopener noreferrer nofollow\" href=\"https:\/\/cookiedatabase.org\/cookie\/wistia\/wistia\/\" target=\"_blank\">wistia<\/a><\/div> <div class=\"retention-header\"> <h5>Expiration<\/h5> <\/div> <div class=\"retention\">persistent<\/div> <div class=\"function-header\"> <h5>Function<\/h5> <\/div> <div class=\"function\">Store performed actions on the website<\/div> <\/div> <\/details> <details class=\"cmplz-dropdown cmplz-service-desc cmplz-dropdown-cookiepolicy \"> <summary class=\"cmplz-service-header\"><div> <h3>Google Analytics<\/h3> <p>Statistika<\/p> <input type=\"checkbox\" class=\"cmplz-accept-service cmplz-hidden\" data-service=\"google-analytics\" data-category=\"functional\"><\/div> <\/summary> <div class=\"cmplz-service-description\"> <h4>Usage<\/h4> <p>We use Google Analytics for statistiko spletne strani. <a rel=\"noopener noreferrer nofollow\" href=\"https:\/\/cookiedatabase.org\/service\/google-analytics\/\" target=\"_blank\">Read more<\/a><\/p> <\/div> <div class=\"cmplz-sharing-data\"> <h4>Sharing data<\/h4> <p>For more information, please read the <a rel=\"noopener noreferrer nofollow\" href=\"https:\/\/policies.google.com\/privacy\" target=\"_blank\">Google Analytics Privacy Statement<\/a>.<\/p> <\/div> <div class=\"cookies-per-purpose\">     <div class=\"purpose\"><h4>Statistika<\/h4><\/div>     <div class=\"name-header\"> <h5>Name<\/h5> <\/div> <div class=\"name\"><a rel=\"noopener noreferrer nofollow\" href=\"https:\/\/cookiedatabase.org\/cookie\/google-analytics\/__utma\/\" target=\"_blank\">__utma<\/a><\/div> <div class=\"retention-header\"> <h5>Expiration<\/h5> <\/div> <div class=\"retention\">persistent<\/div> <div class=\"function-header\"> <h5>Function<\/h5> <\/div> <div class=\"function\">Store the calculation of days and time to purchase<\/div> <div class=\"name-header\"> <h5>Name<\/h5> <\/div> <div class=\"name\"><a rel=\"noopener noreferrer nofollow\" href=\"https:\/\/cookiedatabase.org\/cookie\/google-analytics\/__utmz\/\" target=\"_blank\">__utmz<\/a><\/div> <div class=\"retention-header\"> <h5>Expiration<\/h5> <\/div> <div class=\"retention\">6 mesecev<\/div> <div class=\"function-header\"> <h5>Function<\/h5> <\/div> <div class=\"function\">Store used keyword and search engine<\/div> <div class=\"name-header\"> <h5>Name<\/h5> <\/div> <div class=\"name\"><a rel=\"noopener noreferrer nofollow\" href=\"https:\/\/cookiedatabase.org\/cookie\/google-analytics\/_ga\/\" target=\"_blank\">_ga<\/a><\/div> <div class=\"retention-header\"> <h5>Expiration<\/h5> <\/div> <div class=\"retention\">2 leti<\/div> <div class=\"function-header\"> <h5>Function<\/h5> <\/div> <div class=\"function\">Store and count pageviews<\/div> <div class=\"name-header\"> <h5>Name<\/h5> <\/div> <div class=\"name\"><a rel=\"noopener noreferrer nofollow\" href=\"https:\/\/cookiedatabase.org\/cookie\/google-analytics\/_ga_\/\" target=\"_blank\">_ga_*<\/a><\/div> <div class=\"retention-header\"> <h5>Expiration<\/h5> <\/div> <div class=\"retention\">1 leto<\/div> <div class=\"function-header\"> <h5>Function<\/h5> <\/div> <div class=\"function\">Store and count pageviews<\/div> <\/div> <\/details> <details class=\"cmplz-dropdown cmplz-service-desc cmplz-dropdown-cookiepolicy \"> <summary class=\"cmplz-service-header\"><div> <h3>Miscellaneous<\/h3> <p>Purpose pending investigation<\/p> <input type=\"checkbox\" class=\"cmplz-accept-service cmplz-hidden\" data-service=\"miscellaneous\" data-category=\"functional\"><\/div> <\/summary> <div class=\"cmplz-service-description\"> <h4>Usage<\/h4>  <\/div> <div class=\"cmplz-sharing-data\"> <h4>Sharing data<\/h4> <p>Sharing of data is pending investigation<\/p> <\/div> <div class=\"cookies-per-purpose\">     <div class=\"purpose\"><h4>Purpose pending investigation<\/h4><\/div>     <div class=\"name-header\"> <h5>Name<\/h5> <\/div> <div class=\"name\">ssPanelTop<\/div> <div class=\"retention-header\"> <h5>Expiration<\/h5> <\/div> <div class=\"retention\"> <div class=\"function-header\"> <h5>Function<\/h5> <\/div> <div class=\"function\"> <div class=\"name-header\"> <h5>Name<\/h5> <\/div> <div class=\"name\">loglevel<\/div> <div class=\"retention-header\"> <h5>Expiration<\/h5> <\/div> <div class=\"retention\"> <div class=\"function-header\"> <h5>Function<\/h5> <\/div> <div class=\"function\"> <\/div> <\/div><\/div><\/div><\/div><\/details> <\/div><h2>7. Soglasje<\/h2><p>Ko prvi\u010d obi\u0161\u010dete na\u0161o spletno stran, vam bomo prikazali pojavno okno z razlago o pi\u0161kotkih. Takoj ko kliknete \u00bbShrani\u00ab, sogla\u0161ate z uporabo kategorij pi\u0161kotkov in vti\u010dnikov, ki ste jih izbrali v pojavnem oknu, kot je opisano v tem pravilniku o pi\u0161kotkih. Uporabo pi\u0161kotkov lahko onemogo\u010dite v svojem brskalniku, vendar upo\u0161tevajte, da na\u0161a spletna stran morda ne bo ve\u010d pravilno delovala.<\/p><p class=\"cmplz-subtitle\">7.1 Upravljanje soglasja<\/p><div id=\"cmplz-manage-consent-container-nojavascript\"><br>Nalo\u017eili ste pravilnik o pi\u0161kotkih brez podpore za javascript. Na AMP lahko uporabite gumb za upravljanje soglasja na dnu strani<\/div><div id=\"cmplz-manage-consent-container\" name=\"cmplz-manage-consent-container\" class=\"cmplz-manage-consent-container\"><h2>8. Omogo\u010danje\/onemogo\u010danje in brisanje pi\u0161kotkov<\/h2><p>Za samodejno ali ro\u010dno brisanje pi\u0161kotkov lahko uporabite svoj internetni brskalnik. Dolo\u010dite lahko tudi, da se dolo\u010deni pi\u0161kotki ne smejo namestiti. Druga mo\u017enost je, da spremenite nastavitve svojega internetnega brskalnika, tako da prejmete sporo\u010dilo vsaki\u010d, ko je name\u0161\u010den pi\u0161kotek. Za ve\u010d informacij o teh mo\u017enostih si oglejte navodila v razdelku Pomo\u010d va\u0161ega brskalnika. Upo\u0161tevajte, da na\u0161e spletno mesto morda ne bo delovalo pravilno, \u010de so vsi pi\u0161kotki onemogo\u010deni. \u010ce izbri\u0161ete pi\u0161kotke v va\u0161em brskalniku, bodo znova name\u0161\u010deni po va\u0161i privolitvi, ko ponovno obi\u0161\u010dete na\u0161e spletne strani.<\/p><h2>9. Va\u0161e pravice v zvezi z osebnimi podatki<\/h2><p><br>V zvezi z va\u0161imi osebnimi podatki imate naslednje pravice:<\/p><ul>                     <li>Pravico imate vedeti, zakaj so va\u0161i osebni podatki potrebni, kaj se bo z njimi zgodilo in kako dolgo se bodo hranili.<\/li>                     <li>Pravica do dostopa: Imate pravico do dostopa do va\u0161ih osebnih podatkov, ki so nam znani..<\/li>                     <li>Pravica do popravka: pravico imate dopolniti, popraviti, izbrisati ali blokirati svoje osebne podatke, kadarkoli \u017eelite.<\/li>                     <li><br>\u010ce nam daste soglasje za obdelavo va\u0161ih podatkov, imate pravico to soglasje preklicati in zahtevati izbris va\u0161ih osebnih podatkov.<\/li>                     <li>Pravica do prenosa va\u0161ih podatkov: imate pravico zahtevati vse svoje osebne podatke od upravljavca in jih v celoti posredovati drugemu upravljavcu.<\/li>                     <li>Pravica do ugovora: lahko ugovarjate obdelavi va\u0161ih podatkov. Tega upo\u0161tevamo, razen \u010de obstajajo utemeljeni razlogi za obdelavo.<\/li>                 <\/ul><p>Za uveljavljanje teh pravic nas kontaktirajte. Prosimo, glejte kontaktne podatke na dnu tega pravilnika o pi\u0161kotkih. \u010ce imate prito\u017ebo glede tega, kako ravnamo z va\u0161imi podatki, vas \u017eelimo sli\u0161ati, imate pa tudi pravico vlo\u017eiti prito\u017ebo pri nadzornem organu (Organu za varstvo podatkov).<\/p><h2>10. Kontaktni podatki<\/h2><p><br>Za vpra\u0161anja in\/ali komentarje o na\u0161em pravilniku o pi\u0161kotkih in tej izjavi se obrnite na nas na naslednje kontaktne podatke:  F.A.MAIK d.o.o<br>                     PE Perhav\u010deva 10<br>                      SI \u2013 2000 Maribor<br>                     Slovenia<br>                     Spletna stran: <a href=\"https:\/\/fa-maik.com\">https:\/\/fa-maik.com<\/a> <br>                     Email: <span class=\"cmplz-obfuscate\">moc.kiam-af@ofni<\/span> <br>                     Telefon: +386 (0)2 460 00 98<\/p><\/div><br><div id=\"cmplz-document\" class=\"cmplz-document cookie-statement cmplz-document-eu\"><p>Ta pravilnik o pi\u0161kotkih je bil 15. septembra 2022 sinhroniziran s cookiedatabase.org<\/p><\/div><\/div>","protected":false},"excerpt":{"rendered":"","protected":false},"author":1,"featured_media":0,"parent":0,"menu_order":0,"comment_status":"closed","ping_status":"closed","template":"","meta":{"footnotes":""},"class_list":["post-1911","page","type-page","status-publish"],"_links":{"self":[{"href":"https:\/\/fa-maik.com\/hr\/wp-json\/wp\/v2\/pages\/1911","targetHints":{"allow":["GET"]}}],"collection":[{"href":"https:\/\/fa-maik.com\/hr\/wp-json\/wp\/v2\/pages"}],"about":[{"href":"https:\/\/fa-maik.com\/hr\/wp-json\/wp\/v2\/types\/page"}],"author":[{"embeddable":true,"href":"https:\/\/fa-maik.com\/hr\/wp-json\/wp\/v2\/users\/1"}],"replies":[{"embeddable":true,"href":"https:\/\/fa-maik.com\/hr\/wp-json\/wp\/v2\/comments?post=1911"}],"version-history":[{"count":1,"href":"https:\/\/fa-maik.com\/hr\/wp-json\/wp\/v2\/pages\/1911\/revisions"}],"predecessor-version":[{"id":1918,"href":"https:\/\/fa-maik.com\/hr\/wp-json\/wp\/v2\/pages\/1911\/revisions\/1918"}],"wp:attachment":[{"href":"https:\/\/fa-maik.com\/hr\/wp-json\/wp\/v2\/media?parent=1911"}],"curies":[{"name":"wp","href":"https:\/\/api.w.org\/{rel}","templated":true}]}}