{"id":1887,"date":"2022-08-29T08:37:12","date_gmt":"2022-08-29T08:37:12","guid":{"rendered":"https:\/\/fa-maik.com\/id-tvrtke\/"},"modified":"2024-02-15T11:20:01","modified_gmt":"2024-02-15T11:20:01","slug":"id-tvrtke","status":"publish","type":"page","link":"https:\/\/fa-maik.com\/hr\/id-tvrtke\/","title":{"rendered":"ID tvrtke"},"content":{"rendered":"<h1 class=\"pt-7 sm-mb-3 wp-block-post-title\">ID tvrtke<\/h1>\n\n\n<div class=\"wp-block-getwid-tabs\" data-active-tab=\"0\"><ul class=\"wp-block-getwid-tabs__nav-links\"><\/ul>\n<div class=\"wp-block-getwid-tabs__nav-link\"><span class=\"wp-block-getwid-tabs__title-wrapper\"><a href=\"#\"><span class=\"wp-block-getwid-tabs__title\">F.A MAIK D.O.O.<\/span><\/a><\/span><\/div><div class=\"wp-block-getwid-tabs__tab-content-wrapper\"><div class=\"wp-block-getwid-tabs__tab-content\">\n<div class=\"wp-block-columns md-gap-4 mobile-reverse sm-gap-05 is-layout-flex wp-container-core-columns-is-layout-9d6595d7 wp-block-columns-is-layout-flex\">\n<div class=\"wp-block-column is-layout-flow wp-block-column-is-layout-flow\">\n<figure class=\"wp-block-image size-large\"><img loading=\"lazy\" decoding=\"async\" width=\"1024\" height=\"683\" src=\"https:\/\/fa-maik.com\/wp-content\/uploads\/2023\/08\/mediaspeedX0410-1-1-1024x683.jpg\" alt=\"\" class=\"wp-image-1427\" srcset=\"https:\/\/fa-maik.com\/wp-content\/uploads\/2023\/08\/mediaspeedX0410-1-1-1024x683.jpg 1024w, https:\/\/fa-maik.com\/wp-content\/uploads\/2023\/08\/mediaspeedX0410-1-1-300x200.jpg 300w, https:\/\/fa-maik.com\/wp-content\/uploads\/2023\/08\/mediaspeedX0410-1-1-768x512.jpg 768w, https:\/\/fa-maik.com\/wp-content\/uploads\/2023\/08\/mediaspeedX0410-1-1-1536x1024.jpg 1536w, https:\/\/fa-maik.com\/wp-content\/uploads\/2023\/08\/mediaspeedX0410-1-1-2048x1365.jpg 2048w\" sizes=\"auto, (max-width: 1024px) 100vw, 1024px\" \/><\/figure>\n<\/div>\n\n\n\n<div class=\"wp-block-column is-layout-flow wp-block-column-is-layout-flow\">\n<div class=\"wp-block-columns is-layout-flex wp-container-core-columns-is-layout-9d6595d7 wp-block-columns-is-layout-flex\">\n<div class=\"wp-block-column col-osebna-izkaznica is-layout-flow wp-block-column-is-layout-flow\">\n<p><strong>Tvrtka, puno ime:<\/strong>\u00a0\u00a0F.A.MAIK, transport, \u0161pedicija, skladi\u0161te d.o.o.<\/p>\n\n\n\n<p><strong>Sjedi\u0161te:<\/strong> Zg. Voli\u010dina 75b, SI-2232 Voli\u010dina, Slovenija<\/p>\n\n\n\n<p><strong>Poslovna jedinica:<\/strong> PE Perhav\u010deva 10, 2000 Maribor, Slovenija<\/p>\n\n\n\n<hr class=\"wp-block-separator has-text-color has-alpha-channel-opacity has-background is-style-wide\" style=\"background-color:#e1e1e1;color:#e1e1e1\"\/>\n\n\n\n<p class=\"inline\"><strong>\u017diro ra\u010dun banke:\u00a0<\/strong>\u00a0SI56 0410 2000 0220 177<br>  <strong>SWIFT:<\/strong> KBMASI2X u Novoj KBM d.d.<\/p>\n\n\n\n<p><strong>OSOBNI IDENTIFIKACIJSKI BROJ (OIB):<\/strong> SI88216608<\/p>\n\n\n\n<hr class=\"wp-block-separator has-text-color has-alpha-channel-opacity has-background is-style-wide\" style=\"background-color:#e1e1e1;color:#e1e1e1\"\/>\n\n\n\n<p><strong>Temeljni kapital:<\/strong> 399.526 EUR<\/p>\n\n\n\n<p><strong>Godina osnivanja:<\/strong> 1992<\/p>\n\n\n\n<p><strong>Pravni polo\u017eaj:<\/strong> Dru\u0161tvo s ograni\u010denom odgovorno\u0161\u0107u<\/p>\n\n\n\n<p><strong>Registarski sud i mati\u010dni broj subjekta (MBS):<\/strong>\u00a0\u00a0Okru\u017eni sud u Mariboru, Reg. Ne. 1\/06139\/01<\/p>\n\n\n\n<p><strong>Mati\u010dni broj:<\/strong> 5664969<\/p>\n\n\n\n<p><strong>Izvr\u0161ni direktor:<\/strong> Miha Bezjak<\/p>\n\n\n\n<hr class=\"wp-block-separator has-text-color has-alpha-channel-opacity has-background is-style-wide\" style=\"background-color:#e1e1e1;color:#e1e1e1\"\/>\n\n\n\n<p><strong>Telefon:<\/strong> <a href=\"tel:+386%20(02)%2046%20000%2087\" data-type=\"tel\" data-id=\"tel:+386 (02) 46 000 87\">+386 (02) 46 000 87<\/a><\/p>\n\n\n\n<p><strong>Faks:<\/strong> <a href=\"tel:%20+386%20(02)%2046%20000%2081\" data-type=\"tel\" data-id=\"tel: +386 (02) 46 000 81\">+386 (02) 46 000 81<\/a><\/p>\n\n\n\n<p><strong>E-po\u0161ta:<\/strong> <a href=\"mailto:info@fa-maik.com\">info@fa-maik.com<\/a><\/p>\n\n\n\n<p><strong>Internetska stranica: <\/strong><a href=\"https:\/\/fa-maik.com\/hr\/\" data-type=\"URL\" data-id=\"www.fa-maik.com\">www.fa-maik.com<\/a><\/p>\n<\/div>\n<\/div>\n<\/div>\n<\/div>\n<\/div><\/div>\n\n\n\n<div class=\"wp-block-getwid-tabs__nav-link\"><span class=\"wp-block-getwid-tabs__title-wrapper\"><a href=\"#\"><span class=\"wp-block-getwid-tabs__title\">F.A MAIK GROUP LOGISTIC D.O.O. BEOGRAD<\/span><\/a><\/span><\/div><div class=\"wp-block-getwid-tabs__tab-content-wrapper\"><div class=\"wp-block-getwid-tabs__tab-content\">\n<div class=\"wp-block-columns md-gap-4 mobile-reverse sm-gap-05 is-layout-flex wp-container-core-columns-is-layout-9d6595d7 wp-block-columns-is-layout-flex\">\n<div class=\"wp-block-column is-layout-flow wp-block-column-is-layout-flow\">\n<figure class=\"wp-block-image size-large\"><img loading=\"lazy\" decoding=\"async\" width=\"1024\" height=\"683\" src=\"https:\/\/fa-maik.com\/wp-content\/uploads\/2023\/08\/mediaspeedX0410-1-1-1024x683.jpg\" alt=\"\" class=\"wp-image-1427\" srcset=\"https:\/\/fa-maik.com\/wp-content\/uploads\/2023\/08\/mediaspeedX0410-1-1-1024x683.jpg 1024w, https:\/\/fa-maik.com\/wp-content\/uploads\/2023\/08\/mediaspeedX0410-1-1-300x200.jpg 300w, https:\/\/fa-maik.com\/wp-content\/uploads\/2023\/08\/mediaspeedX0410-1-1-768x512.jpg 768w, https:\/\/fa-maik.com\/wp-content\/uploads\/2023\/08\/mediaspeedX0410-1-1-1536x1024.jpg 1536w, https:\/\/fa-maik.com\/wp-content\/uploads\/2023\/08\/mediaspeedX0410-1-1-2048x1365.jpg 2048w\" sizes=\"auto, (max-width: 1024px) 100vw, 1024px\" \/><\/figure>\n<\/div>\n\n\n\n<div class=\"wp-block-column is-layout-flow wp-block-column-is-layout-flow\">\n<div class=\"wp-block-columns is-layout-flex wp-container-core-columns-is-layout-9d6595d7 wp-block-columns-is-layout-flex\">\n<div class=\"wp-block-column col-osebna-izkaznica is-layout-flow wp-block-column-is-layout-flow\">\n<p><strong>Tvrtka, puno ime:<\/strong> F.A. MAIK GROUP LOGISTIC D.O.O. BEOGRAD<\/p>\n\n\n\n<p><strong>Sjedi\u0161te: <\/strong>Bulevar Milutina Milankovi\u0107a 1, 11070 Novi Beograd, Srbija<\/p>\n\n\n\n<hr class=\"wp-block-separator has-text-color has-alpha-channel-opacity has-background is-style-wide\" style=\"background-color:#e1e1e1;color:#e1e1e1\"\/>\n\n\n\n<p class=\"inline\"><strong>\u017diro ra\u010dun banke<\/strong> RS35 3100070 10202 548036,<br\/><strong><\/strong>  SWIFT: CONARS22 u NLB BANK a.d.<\/p>\n\n\n\n<p><strong>ID PDV-a:<\/strong> 105548871<\/p>\n\n\n\n<hr class=\"wp-block-separator has-text-color has-alpha-channel-opacity has-background is-style-wide\" style=\"background-color:#e1e1e1;color:#e1e1e1\"\/>\n\n\n\n<p><strong>OSOBNI IDENTIFIKACIJSKI BROJ (OIB):<\/strong> SI88216608<\/p>\n\n\n\n<p><strong>Temeljni kapital:<\/strong> 184.741,00 RSD<\/p>\n\n\n\n<p><strong>Godina osnivanja:<\/strong> 2008<\/p>\n\n\n\n<p><strong>Pravni oblik:\u00a0<\/strong>\u00a0Dru\u0161tvo s ograni\u010denom odgovorno\u0161\u0107u<\/p>\n\n\n\n<p><strong>Registarski sud:<\/strong> Agencija za gra\u0111anski registar broj 1918\/2008<\/p>\n\n\n\n<p><strong>Mati\u010dni broj:<\/strong> 20390816<\/p>\n\n\n\n<p><strong>Izvr\u0161ni direktor:<\/strong> Marjan Bezjak<\/p>\n\n\n\n<hr class=\"wp-block-separator has-text-color has-alpha-channel-opacity has-background is-style-wide\" style=\"background-color:#e1e1e1;color:#e1e1e1\"\/>\n\n\n\n<p><strong>Telefon:<\/strong> <a href=\"tel:+381%20(0)64%20708%207844\" data-type=\"tel\" data-id=\"tel:+381 (0)64 708 7844\">+381 (0)64 708 7844<\/a><\/p>\n\n\n\n<p><strong>Faks:<\/strong> <a href=\"tel:%20+386%20(02)%2046%20000%2081\" data-type=\"tel\" data-id=\"tel: +386 (02) 46 000 81\">+386 (02) 46 000 81<\/a><\/p>\n\n\n\n<p><strong>E-po\u0161ta:<\/strong> <a href=\"mailto:info@fa-maik.com\">info@fa-maik.com<\/a><\/p>\n\n\n\n<p><strong>Internetska stranica: <\/strong><a href=\"https:\/\/fa-maik.com\/hr\/\" data-type=\"URL\" data-id=\"www.fa-maik.com\">www.fa-maik.com<\/a><\/p>\n<\/div>\n<\/div>\n<\/div>\n<\/div>\n<\/div><\/div>\n\n\n\n<div class=\"wp-block-getwid-tabs__nav-link\"><span class=\"wp-block-getwid-tabs__title-wrapper\"><a href=\"#\"><span class=\"wp-block-getwid-tabs__title\">F.A MAIK LOGISTICS D.O.O. ZAGREB<\/span><\/a><\/span><\/div><div class=\"wp-block-getwid-tabs__tab-content-wrapper\"><div class=\"wp-block-getwid-tabs__tab-content\">\n<div class=\"wp-block-columns md-gap-4 mobile-reverse sm-gap-05 is-layout-flex wp-container-core-columns-is-layout-9d6595d7 wp-block-columns-is-layout-flex\">\n<div class=\"wp-block-column is-layout-flow wp-block-column-is-layout-flow\">\n<figure class=\"wp-block-image size-large\"><img loading=\"lazy\" decoding=\"async\" width=\"1024\" height=\"683\" src=\"https:\/\/fa-maik.com\/wp-content\/uploads\/2023\/08\/mediaspeedX0410-1-1-1024x683.jpg\" alt=\"\" class=\"wp-image-1427\" srcset=\"https:\/\/fa-maik.com\/wp-content\/uploads\/2023\/08\/mediaspeedX0410-1-1-1024x683.jpg 1024w, https:\/\/fa-maik.com\/wp-content\/uploads\/2023\/08\/mediaspeedX0410-1-1-300x200.jpg 300w, https:\/\/fa-maik.com\/wp-content\/uploads\/2023\/08\/mediaspeedX0410-1-1-768x512.jpg 768w, https:\/\/fa-maik.com\/wp-content\/uploads\/2023\/08\/mediaspeedX0410-1-1-1536x1024.jpg 1536w, https:\/\/fa-maik.com\/wp-content\/uploads\/2023\/08\/mediaspeedX0410-1-1-2048x1365.jpg 2048w\" sizes=\"auto, (max-width: 1024px) 100vw, 1024px\" \/><\/figure>\n<\/div>\n\n\n\n<div class=\"wp-block-column is-layout-flow wp-block-column-is-layout-flow\">\n<div class=\"wp-block-columns is-layout-flex wp-container-core-columns-is-layout-9d6595d7 wp-block-columns-is-layout-flex\">\n<div class=\"wp-block-column col-osebna-izkaznica is-layout-flow wp-block-column-is-layout-flow\">\n<p><strong>Tvrtka, puno ime:<\/strong> F.A.MAIK LOGISTICS d.o.o<\/p>\n\n\n\n<p><strong>Sjedi\u0161te:<\/strong> Radni\u010dka cesta 173\/P, 10000 Zagreb, Hrvatska<\/p>\n\n\n\n<hr class=\"wp-block-separator has-text-color has-alpha-channel-opacity has-background is-style-wide\" style=\"background-color:#e1e1e1;color:#e1e1e1\"\/>\n\n\n\n<p class=\"inline\"><strong>\u017diro ra\u010dun banke:<\/strong> HR2424840081106792227  <\/p>\n\n\n\n<p><strong>OSOBNI IDENTIFIKACIJSKI BROJ (OIB):<\/strong>\u00a0 HR13507370741<\/p>\n\n\n\n<hr class=\"wp-block-separator has-text-color has-alpha-channel-opacity has-background is-style-wide\" style=\"background-color:#e1e1e1;color:#e1e1e1\"\/>\n\n\n\n<p><strong>Temeljni kapital:\u00a0<\/strong>\u00a0<\/p>\n\n\n\n<p><strong>Godina osnivanja:<\/strong> 08.01.2014<\/p>\n\n\n\n<p><strong>Pravni oblik:<\/strong>\u00a0\u00a0Dru\u0161tvo s ograni\u010denom odgovorno\u0161\u0107u<\/p>\n\n\n\n<p><strong>Registarski sud :\u00a0<\/strong><\/p>\n\n\n\n<p><strong>Mati\u010dni broj:<\/strong> 4150376<\/p>\n\n\n\n<p><strong>Izvr\u0161ni direktor:<\/strong> Tadej Bezjak<\/p>\n\n\n\n<hr class=\"wp-block-separator has-text-color has-alpha-channel-opacity has-background is-style-wide\" style=\"background-color:#e1e1e1;color:#e1e1e1\"\/>\n\n\n\n<p><strong>Telefon:<\/strong> <a href=\"tel:+385%2091%206191%20384\" data-type=\"tel\" data-id=\"tel:+385 91 6191 384\">+385 91 6191 384<\/a><\/p>\n\n\n\n<p><strong>Faks:<\/strong> <\/p>\n\n\n\n<p><strong>E-po\u0161ta:<\/strong> <a href=\"mailto:infohr@fa-maik.com\" data-type=\"mailto\" data-id=\"mailto:infohr@fa-maik.com\">infohr@fa-maik.com<\/a><\/p>\n\n\n\n<p><strong>Internetska stranica: <\/strong><a href=\"https:\/\/fa-maik.com\/hr\/\" data-type=\"URL\" data-id=\"www.fa-maik.com\">www.fa-maik.com<\/a><\/p>\n<\/div>\n<\/div>\n<\/div>\n<\/div>\n<\/div><\/div>\n\n\n\n<div class=\"wp-block-getwid-tabs__nav-link\"><span class=\"wp-block-getwid-tabs__title-wrapper\"><a href=\"#\"><span class=\"wp-block-getwid-tabs__title\">F.A MAIK OFFICE VIENNA<\/span><\/a><\/span><\/div><div class=\"wp-block-getwid-tabs__tab-content-wrapper\"><div class=\"wp-block-getwid-tabs__tab-content\">\n<div class=\"wp-block-columns md-gap-4 mobile-reverse sm-gap-05 is-layout-flex wp-container-core-columns-is-layout-9d6595d7 wp-block-columns-is-layout-flex\">\n<div class=\"wp-block-column is-layout-flow wp-block-column-is-layout-flow\">\n<figure class=\"wp-block-image size-large\"><img loading=\"lazy\" decoding=\"async\" width=\"1024\" height=\"683\" src=\"https:\/\/fa-maik.com\/wp-content\/uploads\/2023\/08\/mediaspeedX0410-1-1-1024x683.jpg\" alt=\"\" class=\"wp-image-1427\" srcset=\"https:\/\/fa-maik.com\/wp-content\/uploads\/2023\/08\/mediaspeedX0410-1-1-1024x683.jpg 1024w, https:\/\/fa-maik.com\/wp-content\/uploads\/2023\/08\/mediaspeedX0410-1-1-300x200.jpg 300w, https:\/\/fa-maik.com\/wp-content\/uploads\/2023\/08\/mediaspeedX0410-1-1-768x512.jpg 768w, https:\/\/fa-maik.com\/wp-content\/uploads\/2023\/08\/mediaspeedX0410-1-1-1536x1024.jpg 1536w, https:\/\/fa-maik.com\/wp-content\/uploads\/2023\/08\/mediaspeedX0410-1-1-2048x1365.jpg 2048w\" sizes=\"auto, (max-width: 1024px) 100vw, 1024px\" \/><\/figure>\n<\/div>\n\n\n\n<div class=\"wp-block-column is-layout-flow wp-block-column-is-layout-flow\">\n<div class=\"wp-block-columns is-layout-flex wp-container-core-columns-is-layout-9d6595d7 wp-block-columns-is-layout-flex\">\n<div class=\"wp-block-column col-osebna-izkaznica is-layout-flow wp-block-column-is-layout-flow\">\n<p><strong>Tvrtka, puno ime:<\/strong> HENKEL CEE<\/p>\n\n\n\n<p><strong>Sjedi\u0161te:<\/strong> Breitenfurterstrasse 57-59, AT \u2013 1120 Wien, Austrija<\/p>\n\n\n\n<hr class=\"wp-block-separator has-text-color has-alpha-channel-opacity has-background is-style-wide\" style=\"background-color:#e1e1e1;color:#e1e1e1\"\/>\n\n\n\n<p><strong>Telefon:<\/strong> <a href=\"tel:+431%20711042785\" data-type=\"tel\" data-id=\"tel:+431 711042785\">+431 711042785<\/a><\/p>\n\n\n\n<p><strong>Faks:<\/strong> <\/p>\n\n\n\n<p><strong>E-po\u0161ta:<\/strong> <a href=\"mailto:info@fa-maik.com\" data-type=\"mailto\" data-id=\"mailto:info@fa-maik.com\">info@fa-maik.com<\/a><\/p>\n\n\n\n<p><strong>Internetska stranica: <\/strong><a href=\"https:\/\/fa-maik.com\/hr\/\" data-type=\"URL\" data-id=\"www.fa-maik.com\">www.fa-maik.com<\/a><\/p>\n<\/div>\n<\/div>\n<\/div>\n<\/div>\n<\/div><\/div>\n<\/div>\n","protected":false},"excerpt":{"rendered":"","protected":false},"author":1,"featured_media":0,"parent":0,"menu_order":0,"comment_status":"closed","ping_status":"closed","template":"","meta":{"footnotes":""},"class_list":["post-1887","page","type-page","status-publish"],"_links":{"self":[{"href":"https:\/\/fa-maik.com\/hr\/wp-json\/wp\/v2\/pages\/1887","targetHints":{"allow":["GET"]}}],"collection":[{"href":"https:\/\/fa-maik.com\/hr\/wp-json\/wp\/v2\/pages"}],"about":[{"href":"https:\/\/fa-maik.com\/hr\/wp-json\/wp\/v2\/types\/page"}],"author":[{"embeddable":true,"href":"https:\/\/fa-maik.com\/hr\/wp-json\/wp\/v2\/users\/1"}],"replies":[{"embeddable":true,"href":"https:\/\/fa-maik.com\/hr\/wp-json\/wp\/v2\/comments?post=1887"}],"version-history":[{"count":10,"href":"https:\/\/fa-maik.com\/hr\/wp-json\/wp\/v2\/pages\/1887\/revisions"}],"predecessor-version":[{"id":2173,"href":"https:\/\/fa-maik.com\/hr\/wp-json\/wp\/v2\/pages\/1887\/revisions\/2173"}],"wp:attachment":[{"href":"https:\/\/fa-maik.com\/hr\/wp-json\/wp\/v2\/media?parent=1887"}],"curies":[{"name":"wp","href":"https:\/\/api.w.org\/{rel}","templated":true}]}}