{"id":1873,"date":"2022-08-29T10:14:52","date_gmt":"2022-08-29T10:14:52","guid":{"rendered":"https:\/\/fa-maik.com\/politika-i-ciljevi\/"},"modified":"2024-02-15T11:23:40","modified_gmt":"2024-02-15T11:23:40","slug":"politika-i-ciljevi","status":"publish","type":"page","link":"https:\/\/fa-maik.com\/hr\/politika-i-ciljevi\/","title":{"rendered":"Politika i ciljevi"},"content":{"rendered":"\n<div class=\"wp-block-group padd-0\"><div class=\"wp-block-group__inner-container is-layout-flow wp-block-group-is-layout-flow\">\n<div class=\"wp-block-columns sm-gap-0 mb-0 is-layout-flex wp-container-core-columns-is-layout-9d6595d7 wp-block-columns-is-layout-flex\">\n<div class=\"wp-block-column pt-5 sm-pb-5 relative sm-pt-3 is-layout-flow wp-block-column-is-layout-flow\" style=\"flex-basis:30%\"><h1 class=\"wp-block-post-title\">Politika i ciljevi<\/h1>\n\n\n<p>U tvrtki F.A. Maik stalno se prilago\u0111avamo zahtjevima na\u0161ih kupaca. Na\u0161 cilj je na\u0161im poslovnim partnerima i potencijalnim kupcima pru\u017eiti kvalitetnu razinu logisti\u010dkih usluga (skladi\u0161tenje, carina, transport) i u\u010dinkovito upravljanje robom koriste\u0107i suvremenu tehnologiju skladi\u0161tenja.<\/p>\n\n\n\n<p class=\"mb-0\">Kontinuiranim unaprje\u0111enjem kvalitete na\u0161ih usluga nastojimo posti\u0107i dugoro\u010dno zadovoljstvo i vjernost kupaca te visoku razinu za\u0161tite zdravlja i sigurnosti na radu. U tu svrhu kontinuirano nadogra\u0111ujemo kompetencije na\u0161ih zaposlenika, \u010dime ja\u010damo lojalnost, suradnju i povjerenje izme\u0111u svih sudionika u tvrtki. Zdravlje i sigurnost su prioritet za sve zaposlenike.<\/p>\n<\/div>\n\n\n\n<div class=\"wp-block-column half-image mb-0 relative b-orange is-layout-flow wp-block-column-is-layout-flow\" style=\"flex-basis:66.66%\">\n<figure class=\"wp-block-image alignfull size-large half-image mb-0\"><img loading=\"lazy\" decoding=\"async\" width=\"1024\" height=\"663\" src=\"https:\/\/fa-maik.com\/wp-content\/uploads\/2023\/08\/image011-1-1024x663.png\" alt=\"\" class=\"wp-image-1424\" title=\"\" srcset=\"https:\/\/fa-maik.com\/wp-content\/uploads\/2023\/08\/image011-1-1024x663.png 1024w, https:\/\/fa-maik.com\/wp-content\/uploads\/2023\/08\/image011-1-300x194.png 300w, https:\/\/fa-maik.com\/wp-content\/uploads\/2023\/08\/image011-1-768x497.png 768w, https:\/\/fa-maik.com\/wp-content\/uploads\/2023\/08\/image011-1.png 1147w\" sizes=\"auto, (max-width: 1024px) 100vw, 1024px\" \/><figcaption class=\"wp-element-caption\">Tvrtka F.A. MAIK d.o.o. je tvrtka koja pru\u017ea sveobuhvatne logisti\u010dke usluge i u 100% je privatnom vlasni\u0161tvu. Tvrtku F.A. maik d.o.o. osnovao je 1992. g. Marjan Bezjak.<\/figcaption><\/figure>\n<\/div>\n<\/div>\n<\/div><\/div>\n\n\n\n<div class=\"wp-block-columns pt-5 mb-0 reverse-mobile is-layout-flex wp-container-core-columns-is-layout-9d6595d7 wp-block-columns-is-layout-flex\">\n<div class=\"wp-block-column is-vertically-aligned-center is-layout-flow wp-block-column-is-layout-flow\" style=\"flex-basis:33.33%\">\n<a href=\"https:\/\/fa-maik.com\/kontakt\/\">\n<button class=\"btn\">\n\t\t<span class=\"text\">Sura\u0111ujte s nama<\/span>\n\t\t<div class=\"icon-container\">\n\t\t\t<div class=\"icon icon--left\">\n\t\t\t\t<svg>\n\t\t\t\t\t<use xlink:href=\"#arrow-right\"><\/use>\n\t\t\t\t<\/svg>\n\t\t\t<\/div>\n\t\t\t<div class=\"icon icon--right\">\n\t\t\t\t<svg>\n\t\t\t\t\t<use xlink:href=\"#arrow-right\"><\/use>\n\t\t\t\t<\/svg>\n\t\t\t<\/div>\n\t\t<\/div>\n\t<\/button>\n\n<svg style=\"display: none;\">\n\t<symbol id=\"arrow-right\" viewbox=\"0 0 20 10\">\n\t\t<path d=\"M14.84 0l-1.08 1.06 3.3 3.2H0v1.49h17.05l-3.3 3.2L14.84 10 20 5l-5.16-5z\"><\/path>\n\t<\/symbol>\n<\/svg>\n<\/a>\n<\/div>\n\n\n\n<div class=\"wp-block-column is-layout-flow wp-block-column-is-layout-flow\" style=\"flex-basis:66.66%\">\n<p class=\"mb-0\">Sustavom upravljanja kvalitetom ispunjavamo zahtjeve i o\u010dekivanja na\u0161ih kupaca i ostalih poslovnih partnera. Za provedbu i postizanje ciljeva u svim podru\u010djima rada odgovornost je uprave dru\u0161tva i svih zaposlenika. Tvrtka prepoznaje da su sigurnost i zdravlje na radu od najve\u0107e va\u017enosti. Nastavit \u0107emo nastojati unaprijediti na\u0161e sustave upravljanja kvalitetom, upravljanja okoli\u0161em, zdravlje i sigurnosti na radu. Uvijek smo spremni saslu\u0161ati o\u010dekivanja, ideje i inicijative svih sudionika, a posebno kupaca, zaposlenika i javnosti.<\/p>\n<\/div>\n<\/div>\n\n\n\n<div class=\"wp-block-columns ptb-7 md-gap-4 is-layout-flex wp-container-core-columns-is-layout-9d6595d7 wp-block-columns-is-layout-flex\">\n<div class=\"wp-block-column is-layout-flow wp-block-column-is-layout-flow\">\n<p><strong>Ciljevi kvalitete<\/strong><\/p>\n\n\n\n<ul class=\"wp-block-list\">\n<li>povezivanje ciljeva tvrtke s potrebama i o\u010dekivanjima kupaca<\/li>\n\n\n\n<li>pru\u017eanje kompetentnog, odgovornog i motiviranog osoblja<\/li>\n\n\n\n<li>Pobolj\u0161anje kvalitete usluga timskim radom, planiranjem i uspostavljanjem pobolj\u0161anja u podru\u010dju organizacije prijevoza i skladi\u0161tenja<\/li>\n\n\n\n<li>Poticanje zaposlenika na zalaganje u postizanju kvalitetnih ciljeva<\/li>\n\n\n\n<li>Uspostavljanje sustava s jasnim odgovornostima i ovlastima za postizanje ciljeva<\/li>\n<\/ul>\n<\/div>\n\n\n\n<div class=\"wp-block-column is-layout-flow wp-block-column-is-layout-flow\">\n<p><strong>Ciljevi upravljanja okoli\u0161em<\/strong><\/p>\n\n\n\n<ul class=\"wp-block-list\">\n<li>Poslovanje s primjenjivim zakonodavstvom<\/li>\n\n\n\n<li>postupno ulaganje u modernu tehnologiju, uvo\u0111enjem sigurnijih i zdravijih procedura u skladu s financijskim mogu\u0107nostima<\/li>\n<\/ul>\n<\/div>\n<\/div>\n\n\n\n<div data-wp-interactive=\"core\/file\" class=\"wp-block-file\"><object data-wp-bind--hidden=\"!state.hasPdfPreview\" hidden class=\"wp-block-file__embed\" data=\"https:\/\/fa-maik.com\/wp-content\/uploads\/2023\/03\/Politike-podjetja-F.A.-MAIK-d.o.o..pdf\" type=\"application\/pdf\" style=\"width:100%;height:600px\" aria-label=\"Ugra\u0111eno Politike podjetja F.A. MAIK d.o.o..\"><\/object><a id=\"wp-block-file--media-43713ad4-7874-4717-8153-269746b40de6\" href=\"https:\/\/fa-maik.com\/wp-content\/uploads\/2023\/03\/Politike-podjetja-F.A.-MAIK-d.o.o..pdf\">Politike tvrtke F.A. MAIK d.o.o.<\/a><a href=\"https:\/\/fa-maik.com\/wp-content\/uploads\/2023\/03\/Politike-podjetja-F.A.-MAIK-d.o.o..pdf\" class=\"wp-block-file__button wp-element-button\" download=\"\" aria-describedby=\"wp-block-file--media-43713ad4-7874-4717-8153-269746b40de6\">Transfer<\/a><\/div>\n","protected":false},"excerpt":{"rendered":"<p>U tvrtki F.A. Maik stalno se prilago\u0111avamo zahtjevima na\u0161ih kupaca. Na\u0161 cilj je na\u0161im poslovnim partnerima i potencijalnim kupcima pru\u017eiti kvalitetnu razinu logisti\u010dkih usluga (skladi\u0161tenje, carina, transport) i u\u010dinkovito upravljanje robom koriste\u0107i suvremenu tehnologiju skladi\u0161tenja. Kontinuiranim unaprje\u0111enjem kvalitete na\u0161ih usluga nastojimo posti\u0107i dugoro\u010dno zadovoljstvo i vjernost kupaca te visoku razinu za\u0161tite zdravlja i sigurnosti na &#8230; <a title=\"Politika i ciljevi\" class=\"read-more\" href=\"https:\/\/fa-maik.com\/hr\/politika-i-ciljevi\/\" aria-label=\"More on Politika i ciljevi\">Op\u0161irnije<\/a><\/p>\n","protected":false},"author":1,"featured_media":0,"parent":0,"menu_order":0,"comment_status":"closed","ping_status":"closed","template":"","meta":{"footnotes":""},"class_list":["post-1873","page","type-page","status-publish"],"_links":{"self":[{"href":"https:\/\/fa-maik.com\/hr\/wp-json\/wp\/v2\/pages\/1873","targetHints":{"allow":["GET"]}}],"collection":[{"href":"https:\/\/fa-maik.com\/hr\/wp-json\/wp\/v2\/pages"}],"about":[{"href":"https:\/\/fa-maik.com\/hr\/wp-json\/wp\/v2\/types\/page"}],"author":[{"embeddable":true,"href":"https:\/\/fa-maik.com\/hr\/wp-json\/wp\/v2\/users\/1"}],"replies":[{"embeddable":true,"href":"https:\/\/fa-maik.com\/hr\/wp-json\/wp\/v2\/comments?post=1873"}],"version-history":[{"count":2,"href":"https:\/\/fa-maik.com\/hr\/wp-json\/wp\/v2\/pages\/1873\/revisions"}],"predecessor-version":[{"id":2175,"href":"https:\/\/fa-maik.com\/hr\/wp-json\/wp\/v2\/pages\/1873\/revisions\/2175"}],"wp:attachment":[{"href":"https:\/\/fa-maik.com\/hr\/wp-json\/wp\/v2\/media?parent=1873"}],"curies":[{"name":"wp","href":"https:\/\/api.w.org\/{rel}","templated":true}]}}