{"id":1871,"date":"2022-09-15T09:50:39","date_gmt":"2022-09-15T09:50:39","guid":{"rendered":"https:\/\/fa-maik.com\/privatnosti\/"},"modified":"2023-08-31T10:27:59","modified_gmt":"2023-08-31T10:27:59","slug":"privatnosti","status":"publish","type":"page","link":"https:\/\/fa-maik.com\/hr\/privatnosti\/","title":{"rendered":"Privatnosti"},"content":{"rendered":"\n<p><strong>Op\u0107i uvjeti kori\u0161tenja<\/strong><\/p>\n\n<p>Op\u0107i uvjeti poslovanja opisuju, odre\u0111uju i ure\u0111uju kori\u0161tenje sadr\u017eaja i usluga web stranice armdesign.agency (u daljnjem tekstu web stranica).<br\/>Web stranica je u vlasni\u0161tvu i pod upravom F.A.MAIK d.o.o. Zadr\u017eavamo pravo promjene bilo kojeg dijela web stranice i brisanja bilo kojeg dijela Sadr\u017eaja bez prethodne najave.<\/p>\n\n<p><strong>Korisnici web-mjesta<\/strong><\/p>\n\n<p>Korisnik je svaka osoba koja posjeti web stranicu i koristi je na bilo koji na\u010din. Kori\u0161tenje je dostupno neograni\u010denom broju korisnika koji prihva\u0107aju Uslugu na na\u010din, pod uvjetima i u skladu s ovim Uvjetima.<\/p>\n\n<p><strong>Autorsko pravo<\/strong><\/p>\n\n<p>Bez prethodnog pisanog dopu\u0161tenja pru\u017eatelja usluga sadr\u017eaj se ne smije reproducirati, mijenjati, kopirati, ponovno objavljivati i distribuirati.<\/p>\n\n<p><strong>Kori\u0161tenje sadr\u017eaja<\/strong><\/p>\n\n<p>Sav objavljeni sadr\u017eaj korisnici koriste na vlastitu odgovornost. Davatelj usluga u\u010dinit \u0107e sve \u0161to je u njegovoj mo\u0107i kako bi osigurao da je sav sadr\u017eaj to\u010dan i a\u017euran, ali za to nije odgovoran.<\/p>\n\n<p><strong>Pristupa\u010dnost web-mjesta<\/strong><\/p>\n\n<p>Zadr\u017eavamo pravo prestanka pristupa web stranici iz tehni\u010dkih razloga odr\u017eavanja i zamjene opreme. Ne jam\u010dimo dostupnost web stranice u slu\u010daju mogu\u0107ih prekida mre\u017ee ili bilo kakvih prekida, pogre\u0161aka, drugih tehni\u010dkih poreme\u0107aja ili prekida.<\/p>\n\n<p><strong>Uvjeti i odredbe<\/strong><\/p>\n\n<p>Zadr\u017eavamo pravo odbiti potra\u017enju za bilo kojom uslugom koja se nudi na web mjestu iz bilo kojeg razloga. Tako\u0111er zadr\u017eavamo pravo ne odgovoriti na bilo kakvu komunikaciju primljenu putem web stranice.<\/p>\n\n<p><strong>Linkove<\/strong><\/p>\n\n<p>Web stranice povezane s web stranicom nisu pod na\u0161om kontrolom i stoga nismo odgovorni za informacije sadr\u017eane na povezanim web stranicama.<\/p>\n\n<p><strong>Za\u0161tita osobnih podataka<\/strong><\/p>\n\n<p>Podaci o voditelju obrade: F.A.MAIK d.o.o, PE Perhav\u010deva 10, Maribor, Slovenija prikuplja i obra\u0111uje odre\u0111ene osobne podatke o posjetiteljima svoje web stranice i odre\u0111ene podatke o osobama koje se pretplate na na\u0161 newsletter (link) ili ostavljaju svoje kontakt podatke prilikom preuzimanja bilo kojeg od na\u0161ih priru\u010dnika ili sli\u010dnog sadr\u017eaja.<\/p>\n\n<p>Uz pomo\u0107 Google Analyticsa prikupljamo podatke od posjetitelja web stranice o tome koje stranice na na\u0161oj web stranici posje\u0107ujete, koliko \u010desto, koliko dugo tamo boravite i sli\u010dno. Na temelju tih podataka mo\u017eemo vidjeti koliko posjetitelja posje\u0107uje na\u0161e web stranice, koji dijelovi web stranice ih najvi\u0161e zanimaju, imaju li problema prilikom posjeta ili, ako su jako zainteresirani za na\u0161u web stranicu, mo\u017eemo im poku\u0161ati prikazati na\u0161e oglase (tzv. Remarketing) prilikom posjeta na\u0161oj web stranici.<br\/>Obja\u0161njavamo da je remarketing \u010destim posjetiteljima web stranice i analiza uspje\u0161nosti na\u0161eg newslettera provedena na temelju \u010dlanka 6. stavka 1. to\u010dke (f) Op\u0107e uredbe o osobnim podacima. Pritom slijedimo svoje legitimne interese, odnosno nudimo individualizirane i uvjerljive marketin\u0161ke ponude osobama koje jasno pokazuju interes za na\u0161e proizvode posjetom na\u0161im web stranicama ili \u010ditanjem na\u0161eg newslettera.<\/p>\n\n<p>Podaci o posjetiteljima web stranice anonimiziraju se odmah nakon snimanja i od tada se pohranjuju samo u skupnom obliku, osim podataka o remarketingu koje Google \u010duva dok ih ne zatra\u017eite da ih prestanu prikupljati, na stranici https:\/\/adssettings.google.com\/u\/0\/authenticated. Ne dijelimo osobne podatke s vanjskim korisnicima. Me\u0111utim, u smislu obavljanja analitike i remarketinga, obra\u0111ujemo ih uz pomo\u0107 Googlea (Google Analytics i AdWords), \u0161to u odre\u0111enim slu\u010dajevima mo\u017ee predstavljati prijenos osobnih podataka kontroloru iz Sjedinjenih Ameri\u010dkih Dr\u017eava.<br\/>Takav prijenos dopu\u0161ten je na temelju posebne odluke Europske komisije pod nazivom Sustav za\u0161tite privatnosti, kojom je utvr\u0111eno da ameri\u010dke tvrtke koje se obve\u017eu pridr\u017eavati se na\u010dela ovog \u0161tita osiguravaju odgovaraju\u0107u razinu za\u0161tite osobnih podataka. Vi\u0161e informacija o tome mo\u017eete prona\u0107i na web stranici https:\/\/www.privacyshield.gov\/welcome.<\/p>\n\n<p>Pojedince se podsje\u0107a da, u skladu s Op\u0107om uredbom, imaju odre\u0111ena prava (na pristup svojim podacima, na ispravljanje neto\u010dnih podataka itd.). Ta prava mogu ostvariti pisanim zahtjevom na gore navedenu na\u0161u kontakt adresu. U slu\u010daju da nisu zadovoljni na\u0161im odgovorom, imaju mogu\u0107nost \u017ealbe nadle\u017enom nadzornom tijelu (Povjerenik za informiranje, Zalo\u0161ka 59, 1000 Ljubljana, gp.ip@ip-rs.si) ili zatra\u017eiti sudsku za\u0161titu.<\/p>\n\n<p>Zaklju\u010dujemo da je tvrtka<\/p>\n\n<p>S va\u0161im osobnim podacima postupa odgovorno i u potpunosti u skladu s utvr\u0111enim tr\u017ei\u0161nim praksama.<\/p>\n\n<p>F.A.MAIK d.o.o.<br\/>PE Perhav\u010deva 10<br\/>SI &#8211; 2000 Maribor<\/p>\n","protected":false},"excerpt":{"rendered":"<p>Op\u0107i uvjeti kori\u0161tenja Op\u0107i uvjeti poslovanja opisuju, odre\u0111uju i ure\u0111uju kori\u0161tenje sadr\u017eaja i usluga web stranice armdesign.agency (u daljnjem tekstu web stranica).Web stranica je u vlasni\u0161tvu i pod upravom F.A.MAIK d.o.o. Zadr\u017eavamo pravo promjene bilo kojeg dijela web stranice i brisanja bilo kojeg dijela Sadr\u017eaja bez prethodne najave. Korisnici web-mjesta Korisnik je svaka osoba koja &#8230; <a title=\"Privatnosti\" class=\"read-more\" href=\"https:\/\/fa-maik.com\/hr\/privatnosti\/\" aria-label=\"More on Privatnosti\">Op\u0161irnije<\/a><\/p>\n","protected":false},"author":1,"featured_media":0,"parent":0,"menu_order":0,"comment_status":"closed","ping_status":"closed","template":"","meta":{"footnotes":""},"class_list":["post-1871","page","type-page","status-publish"],"_links":{"self":[{"href":"https:\/\/fa-maik.com\/hr\/wp-json\/wp\/v2\/pages\/1871","targetHints":{"allow":["GET"]}}],"collection":[{"href":"https:\/\/fa-maik.com\/hr\/wp-json\/wp\/v2\/pages"}],"about":[{"href":"https:\/\/fa-maik.com\/hr\/wp-json\/wp\/v2\/types\/page"}],"author":[{"embeddable":true,"href":"https:\/\/fa-maik.com\/hr\/wp-json\/wp\/v2\/users\/1"}],"replies":[{"embeddable":true,"href":"https:\/\/fa-maik.com\/hr\/wp-json\/wp\/v2\/comments?post=1871"}],"version-history":[{"count":1,"href":"https:\/\/fa-maik.com\/hr\/wp-json\/wp\/v2\/pages\/1871\/revisions"}],"predecessor-version":[{"id":1885,"href":"https:\/\/fa-maik.com\/hr\/wp-json\/wp\/v2\/pages\/1871\/revisions\/1885"}],"wp:attachment":[{"href":"https:\/\/fa-maik.com\/hr\/wp-json\/wp\/v2\/media?parent=1871"}],"curies":[{"name":"wp","href":"https:\/\/api.w.org\/{rel}","templated":true}]}}