{"id":1869,"date":"2022-08-29T13:00:02","date_gmt":"2022-08-29T13:00:02","guid":{"rendered":"https:\/\/fa-maik.com\/zaposlenje\/"},"modified":"2024-02-15T11:29:17","modified_gmt":"2024-02-15T11:29:17","slug":"zaposlenje","status":"publish","type":"page","link":"https:\/\/fa-maik.com\/hr\/zaposlenje\/","title":{"rendered":"Zaposlenje"},"content":{"rendered":"\n<div class=\"wp-block-group padd-0\"><div class=\"wp-block-group__inner-container is-layout-flow wp-block-group-is-layout-flow\">\n<div class=\"wp-block-columns sm-gap-0 mb-0 md-gap-3 mb-5 is-layout-flex wp-container-core-columns-is-layout-9d6595d7 wp-block-columns-is-layout-flex\">\n<div class=\"wp-block-column pt-5 sm-pb-4 relative sm-pt-3 is-layout-flow wp-block-column-is-layout-flow\" style=\"flex-basis:30%\"><h1 class=\"wp-block-post-title\">Zaposlenje<\/h1>\n\n\n<p class=\"has-contrast-color has-text-color\"><strong>Jeste li spremni za novi izazov u karijeri?<\/strong><\/p>\n\n\n\n<p>Tvrtka F.A. MAIK d.o.o. pru\u017ea sveobuhvatne logisti\u010dke usluge. Mi smo brzorastu\u0107a tvrtka s jasno definiranom strategijom rasta i razvoja.<\/p>\n\n\n\n<p class=\"mb-0\">Pridru\u017eite se na\u0161em ambicioznom i stru\u010dno obu\u010denom timu i radite s nama na pru\u017eanju visokokvalitetnih usluga u sve slo\u017eenijem podru\u010dju logistike.<\/p>\n<\/div>\n\n\n\n<div class=\"wp-block-column half-image mb-0 relative b-orange is-layout-flow wp-block-column-is-layout-flow\" style=\"flex-basis:66.66%\">\n<figure class=\"wp-block-image alignfull size-large half-image mb-0\"><img loading=\"lazy\" decoding=\"async\" width=\"1024\" height=\"473\" src=\"https:\/\/www.fa-maik.com\/wp-content\/uploads\/2022\/08\/fa-maik-tovornjak-1024x473.jpg\" alt=\"\" class=\"wp-image-764\" title=\"\" srcset=\"https:\/\/fa-maik.com\/wp-content\/uploads\/2022\/08\/fa-maik-tovornjak-1024x473.jpg 1024w, https:\/\/fa-maik.com\/wp-content\/uploads\/2022\/08\/fa-maik-tovornjak-300x139.jpg 300w, https:\/\/fa-maik.com\/wp-content\/uploads\/2022\/08\/fa-maik-tovornjak-768x355.jpg 768w, https:\/\/fa-maik.com\/wp-content\/uploads\/2022\/08\/fa-maik-tovornjak.jpg 1310w\" sizes=\"auto, (max-width: 1024px) 100vw, 1024px\" \/><figcaption class=\"wp-element-caption\">Slobodna radna mjesta mogu se vidjeti na <strong>vanjskoj vezi.<\/strong><\/figcaption><\/figure>\n<\/div>\n<\/div>\n<\/div><\/div>\n\n\n\n<div class=\"wp-block-columns md-gap-3 mb-5 is-layout-flex wp-container-core-columns-is-layout-9d6595d7 wp-block-columns-is-layout-flex\">\n<div class=\"wp-block-column is-layout-flow wp-block-column-is-layout-flow\">\n<p class=\"sm-mb-1 has-contrast-color has-text-color\"><strong>Koga tra\u017eimo?<\/strong><\/p>\n\n\n\n<p>Klju\u010dni profili koje tra\u017eimo su disponenti\/ transportni referent i pomo\u0107nici u skladi\u0161tu (otpremnici, primatelji, vili\u010daristi, rukovatelji robom)<\/p>\n\n\n\n<p class=\"mb-0 sm-mb-2\">\u017delimo kolege koji su predani i strastveni, koji samostalno preuzimaju radne zadatke, spremni su preuzeti odgovornost, kreativni su u rje\u0161avanju problema, te\u017ee izvrsnosti u svom poslu, spremni su se kontinuirano razvijati i pozitivno utje\u010du na timski rad.<\/p>\n<\/div>\n\n\n\n<div class=\"wp-block-column is-layout-flow wp-block-column-is-layout-flow\">\n<p class=\"sm-mb-1 has-contrast-color has-text-color\"><strong>Za\u0161to ste nam se pridru\u017eili?<\/strong><\/p>\n\n\n\n<p class=\"mb-0 sm-mb-2\">Uspostavljamo i odr\u017eavamo radno okru\u017eenje koje te\u017ei zadovoljstvu zaposlenika. Na\u0161im kolegama nudimo zanimljiv i raznovrstan rad u stabilnoj me\u0111unarodnoj tvrtki s vi\u0161e od 27 godina tradicije, mogu\u0107nosti usavr\u0161avanja i razvoja kroz uklju\u010divanje svih na\u0161ih zaposlenika u F.A.MAIK Akademiju (in-house tematski treninzi i radionice za zaposlenike), stimulativno nagra\u0111ivanje i napredovanje, dru\u017eenje na F.A. MAIK danu (sportsko-dru\u0161tveni dan za sve zaposlenike), kvalitetni me\u0111uljudski odnosi, te posebna pozornost posve\u0107ena zdravlju i sigurnosti na\u0161ih zaposlenika (sudjelujemo u projektu POLET \u2013 za aktivno i zdravo starenje na\u0161ih zaposlenika).<\/p>\n<\/div>\n\n\n\n<div class=\"wp-block-column is-layout-flow wp-block-column-is-layout-flow\">\n<p class=\"sm-mb-1 has-contrast-color has-text-color\"><strong>\u017delite li podnijeti prijavu?<\/strong><\/p>\n\n\n\n<p>Po\u0161aljite nam svoju prijavu za posao na<\/p>\n\n\n\n<p><a href=\"mailto:zaposlitev@fa-maik.com\">zaposlitev@fa-maik.com<\/a>&nbsp;&nbsp;zajedno sa svojim \u017eivotopisom ili po\u0161aljite na adresu<\/p>\n\n\n\n<p>F.A. MAIK d.o.o., PE Perhav\u010deva 10, 2000 Maribor, Slovenija.<\/p>\n\n\n\n<p>U popratnom pismu navedite na koju poziciju \u017eelite aplicirati i za\u0161to te \u0161to mo\u017eete donijeti u na\u0161u F.A. MAIK zajednicu.<\/p>\n\n\n\n<p>Za vi\u0161e informacija nazovite odjel za ljudske resurse, gdje \u0107emo rado odgovoriti na sva va\u0161a pitanja.<\/p>\n\n\n\n<p>Kontakt: <strong><a href=\"tel:02%2046%20000%2086\">02 46 000 86<\/a><\/strong>, Ljudski resursi i Op\u0107a slu\u017eba<\/p>\n<\/div>\n<\/div>\n","protected":false},"excerpt":{"rendered":"<p>Jeste li spremni za novi izazov u karijeri? Tvrtka F.A. MAIK d.o.o. pru\u017ea sveobuhvatne logisti\u010dke usluge. Mi smo brzorastu\u0107a tvrtka s jasno definiranom strategijom rasta i razvoja. Pridru\u017eite se na\u0161em ambicioznom i stru\u010dno obu\u010denom timu i radite s nama na pru\u017eanju visokokvalitetnih usluga u sve slo\u017eenijem podru\u010dju logistike. Koga tra\u017eimo? Klju\u010dni profili koje tra\u017eimo su &#8230; <a title=\"Zaposlenje\" class=\"read-more\" href=\"https:\/\/fa-maik.com\/hr\/zaposlenje\/\" aria-label=\"More on Zaposlenje\">Op\u0161irnije<\/a><\/p>\n","protected":false},"author":1,"featured_media":0,"parent":0,"menu_order":0,"comment_status":"closed","ping_status":"closed","template":"","meta":{"footnotes":""},"class_list":["post-1869","page","type-page","status-publish"],"_links":{"self":[{"href":"https:\/\/fa-maik.com\/hr\/wp-json\/wp\/v2\/pages\/1869","targetHints":{"allow":["GET"]}}],"collection":[{"href":"https:\/\/fa-maik.com\/hr\/wp-json\/wp\/v2\/pages"}],"about":[{"href":"https:\/\/fa-maik.com\/hr\/wp-json\/wp\/v2\/types\/page"}],"author":[{"embeddable":true,"href":"https:\/\/fa-maik.com\/hr\/wp-json\/wp\/v2\/users\/1"}],"replies":[{"embeddable":true,"href":"https:\/\/fa-maik.com\/hr\/wp-json\/wp\/v2\/comments?post=1869"}],"version-history":[{"count":2,"href":"https:\/\/fa-maik.com\/hr\/wp-json\/wp\/v2\/pages\/1869\/revisions"}],"predecessor-version":[{"id":2179,"href":"https:\/\/fa-maik.com\/hr\/wp-json\/wp\/v2\/pages\/1869\/revisions\/2179"}],"wp:attachment":[{"href":"https:\/\/fa-maik.com\/hr\/wp-json\/wp\/v2\/media?parent=1869"}],"curies":[{"name":"wp","href":"https:\/\/api.w.org\/{rel}","templated":true}]}}