{"id":1882,"date":"2022-08-29T10:14:52","date_gmt":"2022-08-29T10:14:52","guid":{"rendered":"https:\/\/fa-maik.com\/politik-und-ziele\/"},"modified":"2023-08-31T10:28:03","modified_gmt":"2023-08-31T10:28:03","slug":"politik-und-ziele","status":"publish","type":"page","link":"https:\/\/fa-maik.com\/de\/politik-und-ziele\/","title":{"rendered":"Politik und Ziele"},"content":{"rendered":"\n<div class=\"wp-block-group padd-0\"><div class=\"wp-block-group__inner-container is-layout-flow wp-block-group-is-layout-flow\">\n<div class=\"wp-block-columns sm-gap-0 mb-0 is-layout-flex wp-container-core-columns-is-layout-9d6595d7 wp-block-columns-is-layout-flex\">\n<div class=\"wp-block-column pt-5 sm-pb-5 relative sm-pt-3 is-layout-flow wp-block-column-is-layout-flow\" style=\"flex-basis:30%\"><h1 class=\"wp-block-post-title\">Politik und Ziele<\/h1>\n\n\n<p>Bei F.A MAIK passen wir uns st\u00e4ndig den Anforderungen unserer Kunden an. Unser Ziel ist es, unseren Gesch\u00e4ftspartnern und potenziellen Kunden ein hohes Niveau an logistischen Dienstleistungen (Lagerung, Zoll, Transport) und eine effiziente Verwaltung der Waren mit Hilfe moderner Lagertechnik zu bieten.<\/p>\n\n\n\n<p class=\"mb-0\">Durch die kontinuierliche Verbesserung der Qualit\u00e4t unserer Dienstleistungen wollen wir eine langfristige Kundenzufriedenheit und -treue sowie ein hohes Ma\u00df an Gesundheit und Sicherheit am Arbeitsplatz erreichen. Deshalb verbessern wir kontinuierlich die Kompetenzen unserer Mitarbeiter und st\u00e4rken die Loyalit\u00e4t, die Zusammenarbeit und das Vertrauen zwischen allen Beteiligten im Unternehmen. Gesundheit und Sicherheit haben f\u00fcr alle Mitarbeiter Priorit\u00e4t.<\/p>\n<\/div>\n\n\n\n<div class=\"wp-block-column half-image mb-0 relative b-orange is-layout-flow wp-block-column-is-layout-flow\" style=\"flex-basis:66.66%\">\n<figure class=\"wp-block-image alignfull size-large half-image mb-0\"><img loading=\"lazy\" decoding=\"async\" width=\"1024\" height=\"663\" src=\"https:\/\/fa-maik.com\/wp-content\/uploads\/2023\/08\/image011-1-1024x663.png\" alt=\"\" class=\"wp-image-1424\" title=\"\" srcset=\"https:\/\/fa-maik.com\/wp-content\/uploads\/2023\/08\/image011-1-1024x663.png 1024w, https:\/\/fa-maik.com\/wp-content\/uploads\/2023\/08\/image011-1-300x194.png 300w, https:\/\/fa-maik.com\/wp-content\/uploads\/2023\/08\/image011-1-768x497.png 768w, https:\/\/fa-maik.com\/wp-content\/uploads\/2023\/08\/image011-1.png 1147w\" sizes=\"auto, (max-width: 1024px) 100vw, 1024px\" \/><figcaption class=\"wp-element-caption\">F.A. MAIK d.o.o. ist ein zu 100% in Privatbesitz befindliches Full-Service-Logistikunternehmen. F.A. maik d.o.o. wurde 1992 von Herrn Marjan Bezjak gegr\u00fcndet.<\/figcaption><\/figure>\n<\/div>\n<\/div>\n<\/div><\/div>\n\n<div class=\"wp-block-columns pt-5 mb-0 reverse-mobile is-layout-flex wp-container-core-columns-is-layout-9d6595d7 wp-block-columns-is-layout-flex\">\n<div class=\"wp-block-column is-vertically-aligned-center is-layout-flow wp-block-column-is-layout-flow\" style=\"flex-basis:33.33%\">\n<a href=\"https:\/\/fa-maik.com\/hr\/kontakt\/\">\n<button class=\"btn\">\n\t\t<span class=\"text\">Arbeiten Sie mit uns<\/span>\n\t\t<div class=\"icon-container\">\n\t\t\t<div class=\"icon icon--left\">\n\t\t\t\t<svg>\n\t\t\t\t\t<use xlink:href=\"#arrow-right\"><\/use>\n\t\t\t\t<\/svg>\n\t\t\t<\/div>\n\t\t\t<div class=\"icon icon--right\">\n\t\t\t\t<svg>\n\t\t\t\t\t<use xlink:href=\"#arrow-right\"><\/use>\n\t\t\t\t<\/svg>\n\t\t\t<\/div>\n\t\t<\/div>\n\t<\/button>\n\n<svg style=\"display: none;\">\n\t<symbol id=\"arrow-right\" viewbox=\"0 0 20 10\">\n\t\t<path d=\"M14.84 0l-1.08 1.06 3.3 3.2H0v1.49h17.05l-3.3 3.2L14.84 10 20 5l-5.16-5z\"><\/path>\n\t<\/symbol>\n<\/svg>\n<\/a>\n<\/div>\n\n\n\n<div class=\"wp-block-column is-layout-flow wp-block-column-is-layout-flow\" style=\"flex-basis:66.66%\">\n<p class=\"mb-0\">Wir erf\u00fcllen die Anforderungen und Erwartungen unserer Kunden und anderer Gesch\u00e4ftspartner durch ein Qualit\u00e4tsmanagementsystem. Es liegt in der Verantwortung der Unternehmensleitung und aller Mitarbeiter, die Ziele in allen Arbeitsbereichen umzusetzen und zu erreichen. Im Unternehmen sind wir uns dar\u00fcber im Klaren, dass Gesundheit und Sicherheit am Arbeitsplatz f\u00fcr uns oberste Priorit\u00e4t haben. Wir werden weiterhin an der Verbesserung unseres Qualit\u00e4ts- und Umweltmanagements sowie unserer Systeme f\u00fcr Gesundheit und Sicherheit am Arbeitsplatz arbeiten. Wir haben stets ein offenes Ohr f\u00fcr die Erwartungen, Ideen und Initiativen aller Beteiligten, insbesondere der Kunden, Mitarbeiter und der \u00d6ffentlichkeit.<\/p>\n<\/div>\n<\/div>\n\n<div class=\"wp-block-columns ptb-7 md-gap-4 is-layout-flex wp-container-core-columns-is-layout-9d6595d7 wp-block-columns-is-layout-flex\">\n<div class=\"wp-block-column is-layout-flow wp-block-column-is-layout-flow\">\n<p><strong>Qualit\u00e4tsziele<\/strong><\/p>\n\n\n\n<ul class=\"wp-block-list\">\n<li>Verkn\u00fcpfung der Unternehmensziele mit den Bed\u00fcrfnissen und Erwartungen der Kunden<\/li>\n\n\n\n<li>Gew\u00e4hrleistung kompetenter, verantwortungsbewusster und motivierter Mitarbeiter<\/li>\n\n\n\n<li>Verbesserung der Dienstleistungsqualit\u00e4t durch Teamarbeit, Planung und Verbesserungen in der Transport- und Lagerungsorganisation<\/li>\n\n\n\n<li>das Engagement des Personals f\u00fcr die Qualit\u00e4tsziele zu f\u00f6rdern<\/li>\n\n\n\n<li>Wir haben ein System mit klaren Zust\u00e4ndigkeiten und Befugnissen eingerichtet, um unsere Ziele zu erreichen.<\/li>\n<\/ul>\n<\/div>\n\n\n\n<div class=\"wp-block-column is-layout-flow wp-block-column-is-layout-flow\">\n<p><strong>Ziele des Umweltmanagements<\/strong><\/p>\n\n\n\n<ul class=\"wp-block-list\">\n<li>Einhaltung der geltenden Rechtsvorschriften<\/li>\n\n\n\n<li>schrittweise Investitionen in moderne Technologie, Einf\u00fchrung von sichereren und ges\u00fcnderen Verfahren im Rahmen der finanziellen M\u00f6glichkeiten<\/li>\n<\/ul>\n<\/div>\n<\/div>\n\n<div data-wp-interactive=\"core\/file\" class=\"wp-block-file\"><object data-wp-bind--hidden=\"!state.hasPdfPreview\" hidden class=\"wp-block-file__embed\" data=\"https:\/\/fa-maik.com\/wp-content\/uploads\/2023\/03\/Politike-podjetja-F.A.-MAIK-d.o.o..pdf\" type=\"application\/pdf\" style=\"width:100%;height:600px\" aria-label=\"Einbettung von Politike podjetja F.A. MAIK d.o.o..\"><\/object><a id=\"wp-block-file--media-43713ad4-7874-4717-8153-269746b40de6\" href=\"https:\/\/fa-maik.com\/wp-content\/uploads\/2023\/03\/Politike-podjetja-F.A.-MAIK-d.o.o..pdf\">Politik der F.A. MAIK d.o.o.<\/a><a href=\"https:\/\/fa-maik.com\/wp-content\/uploads\/2023\/03\/Politike-podjetja-F.A.-MAIK-d.o.o..pdf\" class=\"wp-block-file__button wp-element-button\" download=\"\" aria-describedby=\"wp-block-file--media-43713ad4-7874-4717-8153-269746b40de6\">Herunterladen<\/a><\/div>\n","protected":false},"excerpt":{"rendered":"<p>Bei F.A MAIK passen wir uns st\u00e4ndig den Anforderungen unserer Kunden an. Unser Ziel ist es, unseren Gesch\u00e4ftspartnern und potenziellen Kunden ein hohes Niveau an logistischen Dienstleistungen (Lagerung, Zoll, Transport) und eine effiziente Verwaltung der Waren mit Hilfe moderner Lagertechnik zu bieten. Durch die kontinuierliche Verbesserung der Qualit\u00e4t unserer Dienstleistungen wollen wir eine langfristige Kundenzufriedenheit &#8230; <a title=\"Politik und Ziele\" class=\"read-more\" href=\"https:\/\/fa-maik.com\/de\/politik-und-ziele\/\" aria-label=\"Mehr dazu unter Politik und Ziele\">Weiterlesen<\/a><\/p>\n","protected":false},"author":1,"featured_media":0,"parent":0,"menu_order":0,"comment_status":"closed","ping_status":"closed","template":"","meta":{"footnotes":""},"class_list":["post-1882","page","type-page","status-publish"],"_links":{"self":[{"href":"https:\/\/fa-maik.com\/de\/wp-json\/wp\/v2\/pages\/1882","targetHints":{"allow":["GET"]}}],"collection":[{"href":"https:\/\/fa-maik.com\/de\/wp-json\/wp\/v2\/pages"}],"about":[{"href":"https:\/\/fa-maik.com\/de\/wp-json\/wp\/v2\/types\/page"}],"author":[{"embeddable":true,"href":"https:\/\/fa-maik.com\/de\/wp-json\/wp\/v2\/users\/1"}],"replies":[{"embeddable":true,"href":"https:\/\/fa-maik.com\/de\/wp-json\/wp\/v2\/comments?post=1882"}],"version-history":[{"count":3,"href":"https:\/\/fa-maik.com\/de\/wp-json\/wp\/v2\/pages\/1882\/revisions"}],"predecessor-version":[{"id":1944,"href":"https:\/\/fa-maik.com\/de\/wp-json\/wp\/v2\/pages\/1882\/revisions\/1944"}],"wp:attachment":[{"href":"https:\/\/fa-maik.com\/de\/wp-json\/wp\/v2\/media?parent=1882"}],"curies":[{"name":"wp","href":"https:\/\/api.w.org\/{rel}","templated":true}]}}