{"id":1853,"date":"2022-08-29T13:00:02","date_gmt":"2022-08-29T13:00:02","guid":{"rendered":"https:\/\/fa-maik.com\/beschaeftigung\/"},"modified":"2023-08-31T10:28:01","modified_gmt":"2023-08-31T10:28:01","slug":"beschaeftigung","status":"publish","type":"page","link":"https:\/\/fa-maik.com\/de\/beschaeftigung\/","title":{"rendered":"Besch\u00e4ftigung"},"content":{"rendered":"\n<div class=\"wp-block-group padd-0\"><div class=\"wp-block-group__inner-container is-layout-flow wp-block-group-is-layout-flow\">\n<div class=\"wp-block-columns sm-gap-0 mb-0 md-gap-3 mb-5 is-layout-flex wp-container-core-columns-is-layout-9d6595d7 wp-block-columns-is-layout-flex\">\n<div class=\"wp-block-column pt-5 sm-pb-4 relative sm-pt-3 is-layout-flow wp-block-column-is-layout-flow\" style=\"flex-basis:30%\"><h1 class=\"wp-block-post-title\">Besch\u00e4ftigung<\/h1>\n\n\n<p class=\"has-contrast-color has-text-color\"><strong>Sind Sie bereit f\u00fcr eine neue berufliche Herausforderung?<\/strong><\/p>\n\n\n\n<p>F.A. MAIK d.o.o. bietet umfassende Logistikdienstleistungen an. Wir sind ein schnell wachsendes Unternehmen mit einer klar definierten Wachstums- und Entwicklungsstrategie.<\/p>\n\n\n\n<p class=\"mb-0\">Werden Sie Teil unseres ehrgeizigen und kompetenten Teams und arbeiten Sie mit uns zusammen, um qualitativ hochwertige Dienstleistungen in dem immer komplexer werdenden Bereich der Logistik zu erbringen.<\/p>\n<\/div>\n\n\n\n<div class=\"wp-block-column half-image mb-0 relative b-orange is-layout-flow wp-block-column-is-layout-flow\" style=\"flex-basis:66.66%\">\n<figure class=\"wp-block-image alignfull size-large half-image mb-0\"><img loading=\"lazy\" decoding=\"async\" width=\"1024\" height=\"473\" src=\"https:\/\/www.fa-maik.com\/wp-content\/uploads\/2022\/08\/fa-maik-tovornjak-1024x473.jpg\" alt=\"\" class=\"wp-image-764\" title=\"\" srcset=\"https:\/\/fa-maik.com\/wp-content\/uploads\/2022\/08\/fa-maik-tovornjak-1024x473.jpg 1024w, https:\/\/fa-maik.com\/wp-content\/uploads\/2022\/08\/fa-maik-tovornjak-300x139.jpg 300w, https:\/\/fa-maik.com\/wp-content\/uploads\/2022\/08\/fa-maik-tovornjak-768x355.jpg 768w, https:\/\/fa-maik.com\/wp-content\/uploads\/2022\/08\/fa-maik-tovornjak.jpg 1310w\" sizes=\"auto, (max-width: 1024px) 100vw, 1024px\" \/><figcaption class=\"wp-element-caption\">Sie k\u00f6nnen die offenen Stellen \u00fcber den <strong>externen Link<\/strong> einsehen <strong>.<\/strong><\/figcaption><\/figure>\n<\/div>\n<\/div>\n<\/div><\/div>\n\n<div class=\"wp-block-columns md-gap-3 mb-5 is-layout-flex wp-container-core-columns-is-layout-9d6595d7 wp-block-columns-is-layout-flex\">\n<div class=\"wp-block-column is-layout-flow wp-block-column-is-layout-flow\">\n<p class=\"sm-mb-1 has-contrast-color has-text-color\"><strong>Wen suchen wir?<\/strong><\/p>\n\n\n\n<p>Die wichtigsten Profile, die wir suchen, sind Sachbearbeiter f\u00fcr Versand\/Transport und Lagerarbeiter (Versender, Empf\u00e4nger, Staplerfahrer, Warenumschlag).<\/p>\n\n\n\n<p class=\"mb-0 sm-mb-2\">Wir w\u00fcnschen uns Kolleginnen und Kollegen, die engagiert und leidenschaftlich sind, die selbst\u00e4ndig Arbeitsaufgaben \u00fcbernehmen, die bereit sind, Verantwortung zu \u00fcbernehmen, die kreative Probleml\u00f6ser sind, die nach Spitzenleistungen in ihrer Arbeit streben, die bereit sind, sich st\u00e4ndig weiterzuentwickeln, und die einen positiven Einfluss auf die Teamarbeit haben.<\/p>\n<\/div>\n\n\n\n<div class=\"wp-block-column is-layout-flow wp-block-column-is-layout-flow\">\n<p class=\"sm-mb-1 has-contrast-color has-text-color\"><strong>Warum bei uns mitmachen?<\/strong><\/p>\n\n\n\n<p class=\"mb-0 sm-mb-2\">Wir schaffen und erhalten ein Arbeitsumfeld, das auf die Zufriedenheit der Mitarbeiter ausgerichtet ist. Wir bieten unseren Mitarbeitern eine interessante und abwechslungsreiche Arbeit in einem stabilen internationalen Unternehmen mit mehr als 27-j\u00e4hriger Tradition, Weiterbildungs- und Entwicklungsm\u00f6glichkeiten durch die Teilnahme aller Mitarbeiter an der F.A. MAIK-Akademie (interne thematische Schulungen und Workshops f\u00fcr Mitarbeiter), anregende Belohnungen und Bef\u00f6rderungen, geselliges Beisammensein am F.A. Day.A. MAIK Day (Sport- und Gesellschaftstag f\u00fcr alle Mitarbeiter), gute zwischenmenschliche Beziehungen und besondere Aufmerksamkeit f\u00fcr die Gesundheit und Sicherheit unserer Mitarbeiter (wir beteiligen uns am Projekt POLET &#8211; f\u00fcr aktives und gesundes Altern unserer Mitarbeiter).<\/p>\n<\/div>\n\n\n\n<div class=\"wp-block-column is-layout-flow wp-block-column-is-layout-flow\">\n<p class=\"sm-mb-1 has-contrast-color has-text-color\"><strong>M\u00f6chten Sie Ihre Bewerbung einreichen?<\/strong><\/p>\n\n\n\n<p>Bitte senden Sie Ihre Bewerbung zusammen mit Ihrem Lebenslauf an <a href=\"mailto:zaposlitev@fa-maik.com\">zaposlitev@fa-maik.com<\/a> oder senden Sie sie an F.A. MAIK d.o.o., PE Perhav\u010deva 10, 2000 Maribor, Slowenien.<\/p>\n\n\n\n<p>Bitte geben Sie in Ihrem Anschreiben an, welche Stelle Sie gerne besetzen m\u00f6chten, warum und was Sie zu unserer F.A. MAIK-Gruppe beitragen k\u00f6nnen.<\/p>\n\n\n\n<p class=\"mb-0\">F\u00fcr weitere Informationen wenden Sie sich bitte an die Personalabteilung, die Ihnen gerne alle Fragen beantwortet.<br\/>Kontakt: <a href=\"tel:02%2046%20000%2086\">02 46 000 86<\/a>, Personalwesen und allgemeiner Dienst<\/p>\n<\/div>\n<\/div>\n","protected":false},"excerpt":{"rendered":"<p>Sind Sie bereit f\u00fcr eine neue berufliche Herausforderung? F.A. MAIK d.o.o. bietet umfassende Logistikdienstleistungen an. Wir sind ein schnell wachsendes Unternehmen mit einer klar definierten Wachstums- und Entwicklungsstrategie. Werden Sie Teil unseres ehrgeizigen und kompetenten Teams und arbeiten Sie mit uns zusammen, um qualitativ hochwertige Dienstleistungen in dem immer komplexer werdenden Bereich der Logistik zu &#8230; <a title=\"Besch\u00e4ftigung\" class=\"read-more\" href=\"https:\/\/fa-maik.com\/de\/beschaeftigung\/\" aria-label=\"Mehr dazu unter Besch\u00e4ftigung\">Weiterlesen<\/a><\/p>\n","protected":false},"author":1,"featured_media":0,"parent":0,"menu_order":0,"comment_status":"closed","ping_status":"closed","template":"","meta":{"footnotes":""},"class_list":["post-1853","page","type-page","status-publish"],"_links":{"self":[{"href":"https:\/\/fa-maik.com\/de\/wp-json\/wp\/v2\/pages\/1853","targetHints":{"allow":["GET"]}}],"collection":[{"href":"https:\/\/fa-maik.com\/de\/wp-json\/wp\/v2\/pages"}],"about":[{"href":"https:\/\/fa-maik.com\/de\/wp-json\/wp\/v2\/types\/page"}],"author":[{"embeddable":true,"href":"https:\/\/fa-maik.com\/de\/wp-json\/wp\/v2\/users\/1"}],"replies":[{"embeddable":true,"href":"https:\/\/fa-maik.com\/de\/wp-json\/wp\/v2\/comments?post=1853"}],"version-history":[{"count":1,"href":"https:\/\/fa-maik.com\/de\/wp-json\/wp\/v2\/pages\/1853\/revisions"}],"predecessor-version":[{"id":1862,"href":"https:\/\/fa-maik.com\/de\/wp-json\/wp\/v2\/pages\/1853\/revisions\/1862"}],"wp:attachment":[{"href":"https:\/\/fa-maik.com\/de\/wp-json\/wp\/v2\/media?parent=1853"}],"curies":[{"name":"wp","href":"https:\/\/api.w.org\/{rel}","templated":true}]}}