{"id":1850,"date":"2022-09-15T09:50:39","date_gmt":"2022-09-15T09:50:39","guid":{"rendered":"https:\/\/fa-maik.com\/datenschutzbestimmungen\/"},"modified":"2023-08-31T10:27:59","modified_gmt":"2023-08-31T10:27:59","slug":"datenschutzbestimmungen","status":"publish","type":"page","link":"https:\/\/fa-maik.com\/de\/datenschutzbestimmungen\/","title":{"rendered":"Datenschutzbestimmungen"},"content":{"rendered":"\n<p><strong>Allgemeine Nutzungsbedingungen<\/strong><\/p>\n\n<p>Die Allgemeinen Gesch\u00e4ftsbedingungen beschreiben, definieren und regeln die Nutzung der Inhalte und Leistungen der Website armdesign.agentur (im Folgenden Website genannt).<br\/>Die Website ist Eigentum und wird betrieben von F.A.MAIK d.o.o. Wir behalten uns das Recht vor, jeden Teil der Website zu \u00e4ndern und jeden Teil des Inhalts ohne vorherige Ank\u00fcndigung zu l\u00f6schen.<\/p>\n\n<p><strong>Benutzer der Website<\/strong><\/p>\n\n<p>Ein Nutzer ist jede Person, die die Website besucht und in irgendeiner Weise nutzt. Die Nutzung wird einer unbestimmten Anzahl von Nutzern zur Verf\u00fcgung gestellt, die den Dienst in der Art und Weise, zu den Bedingungen und in \u00dcbereinstimmung mit den vorliegenden Bedingungen akzeptieren.<\/p>\n\n<p><strong>Urheberrecht<\/strong><\/p>\n\n<p>Der Inhalt darf ohne vorherige schriftliche Genehmigung des Anbieters nicht reproduziert, ver\u00e4ndert, kopiert, neu ver\u00f6ffentlicht oder weiterverbreitet werden.<\/p>\n\n<p><strong>Verwendung von Inhalten<\/strong><\/p>\n\n<p>Alle eingestellten Inhalte werden von den Nutzern auf eigenes Risiko verwendet. Der Dienstanbieter bem\u00fcht sich um die Richtigkeit und Aktualit\u00e4t aller Inhalte, ist jedoch nicht daf\u00fcr verantwortlich.<\/p>\n\n<p><strong>Zug\u00e4nglichkeit der Website<\/strong><\/p>\n\n<p>Wir behalten uns das Recht vor, den Zugang zur Website aus Gr\u00fcnden der technischen Wartung und des Ger\u00e4teaustauschs auszusetzen. Wir \u00fcbernehmen keine Garantie f\u00fcr die Verf\u00fcgbarkeit der Website im Falle von Netzwerkausf\u00e4llen oder Ausf\u00e4llen, Fehlfunktionen, anderen technischen St\u00f6rungen oder Unterbrechungen.<\/p>\n\n<p><strong>Bedingungen und Konditionen<\/strong><\/p>\n\n<p>Wir behalten uns das Recht vor, eine Anfrage f\u00fcr eine auf der Website angebotene Dienstleistung aus beliebigen Gr\u00fcnden abzulehnen. Wir behalten uns auch das Recht vor, auf Mitteilungen, die wir \u00fcber die Website erhalten, nicht zu antworten.<\/p>\n\n<p><strong>Links<\/strong><\/p>\n\n<p>Die verlinkten Websites stehen nicht unter unserer Kontrolle und wir sind daher nicht verantwortlich f\u00fcr die auf den verlinkten Websites enthaltenen Informationen.<\/p>\n\n<p><strong>Schutz von personenbezogenen Daten<\/strong><\/p>\n\n<p>Daten \u00fcber den f\u00fcr die Verarbeitung Verantwortlichen: F.A.MAIK d.o.o, PE Perhav\u010deva 10, Maribor, Slowenien, erhebt und verarbeitet bestimmte personenbezogene Daten \u00fcber Besucher seiner Website und bestimmte Daten \u00fcber Personen, die unseren Newsletter (Link) abonnieren oder ihre Kontaktdaten hinterlassen, wenn sie eines unserer Handb\u00fccher oder \u00e4hnliche Inhalte herunterladen.<\/p>\n\n<p>Wir verwenden Google Analytics, um Informationen von Website-Besuchern dar\u00fcber zu sammeln, welche Seiten auf unserer Website Sie besuchen, wie oft, wie lange Sie bleiben usw. Anhand dieser Daten k\u00f6nnen wir feststellen, wie viele Besucher unsere Website besuchen, welche Teile der Website f\u00fcr sie am interessantesten sind, ob sie bei ihrem Besuch Probleme haben, oder, wenn sie sich sehr f\u00fcr unsere Website interessieren, k\u00f6nnen wir versuchen, ihnen unsere Werbung zu zeigen, wenn sie die Website anderweitig besuchen (bekannt als Remarketing).<br\/>Wir stellen klar, dass das Remarketing an h\u00e4ufige Besucher der Website und die Analyse der Leistung unserer Newsletter auf der Grundlage von Artikel 6 Absatz 1 Buchstabe f der Allgemeinen Datenschutzverordnung durchgef\u00fchrt werden. Damit verfolgen wir unsere berechtigten Interessen, n\u00e4mlich Menschen, die durch den Besuch unserer Websites oder das Lesen unserer Newsletter eindeutig ein Interesse an unseren Produkten zeigen, personalisierte und \u00fcberzeugende Marketingangebote zu unterbreiten.<\/p>\n\n<p>Wir anonymisieren Daten \u00fcber Website-Besucher, sobald sie erfasst werden, und speichern sie von da an nur noch in zusammengefasster Form, mit Ausnahme der Remarketing-Daten, die von Google unter https:\/\/adssettings.google.com\/u\/0\/authenticated gespeichert werden, bis Sie uns auffordern, die Erfassung zu beenden. Was jedoch die Durchf\u00fchrung von Analysen und Remarketing betrifft, so verarbeiten wir diese mit Hilfe von Google (Google Analytics und AdWords), was in bestimmten F\u00e4llen die \u00dcbermittlung personenbezogener Daten an einen f\u00fcr die Verarbeitung Verantwortlichen in den Vereinigten Staaten beinhalten kann.<br\/>Solche \u00dcbermittlungen sind auf der Grundlage einer speziellen Entscheidung der Europ\u00e4ischen Kommission, dem so genannten Privacy Shield, zul\u00e4ssig, die festgestellt hat, dass US-Unternehmen, die sich zu den Grunds\u00e4tzen des Privacy Shield verpflichten, ein angemessenes Schutzniveau f\u00fcr personenbezogene Daten bieten. Weitere Informationen finden Sie unter https:\/\/www.privacyshield.gov\/welcome.<\/p>\n\n<p>Der Einzelne wird daran erinnert, dass er nach der allgemeinen Verordnung bestimmte Rechte hat (Zugang zu seinen Daten, Berichtigung unrichtiger Daten usw.). Sie k\u00f6nnen diese Rechte durch einen schriftlichen Antrag an unsere oben genannte Kontaktadresse aus\u00fcben. Sollten sie mit unserer Antwort nicht zufrieden sein, haben sie die M\u00f6glichkeit, sich bei der zust\u00e4ndigen Aufsichtsbeh\u00f6rde (Information Commissioner, Zalo\u0161ka 59, 1000 Ljubljana, gp.ip@ip-rs.si) zu beschweren oder gerichtlichen Schutz zu beantragen.<\/p>\n\n<p>Zusammenfassend l\u00e4sst sich sagen, dass das Unternehmen<\/p>\n\n<p>geht verantwortungsbewusst und in voller \u00dcbereinstimmung mit den g\u00e4ngigen Marktpraktiken mit Ihren personenbezogenen Daten um.<\/p>\n\n<p>F.A.MAIK d.o.o.<br\/>PE Perhav\u010deva 10<br\/>SI &#8211; 2000 Maribor<\/p>\n","protected":false},"excerpt":{"rendered":"<p>Allgemeine Nutzungsbedingungen Die Allgemeinen Gesch\u00e4ftsbedingungen beschreiben, definieren und regeln die Nutzung der Inhalte und Leistungen der Website armdesign.agentur (im Folgenden Website genannt).Die Website ist Eigentum und wird betrieben von F.A.MAIK d.o.o. Wir behalten uns das Recht vor, jeden Teil der Website zu \u00e4ndern und jeden Teil des Inhalts ohne vorherige Ank\u00fcndigung zu l\u00f6schen. Benutzer der &#8230; <a title=\"Datenschutzbestimmungen\" class=\"read-more\" href=\"https:\/\/fa-maik.com\/de\/datenschutzbestimmungen\/\" aria-label=\"Mehr dazu unter Datenschutzbestimmungen\">Weiterlesen<\/a><\/p>\n","protected":false},"author":1,"featured_media":0,"parent":0,"menu_order":0,"comment_status":"closed","ping_status":"closed","template":"","meta":{"footnotes":""},"class_list":["post-1850","page","type-page","status-publish"],"_links":{"self":[{"href":"https:\/\/fa-maik.com\/de\/wp-json\/wp\/v2\/pages\/1850","targetHints":{"allow":["GET"]}}],"collection":[{"href":"https:\/\/fa-maik.com\/de\/wp-json\/wp\/v2\/pages"}],"about":[{"href":"https:\/\/fa-maik.com\/de\/wp-json\/wp\/v2\/types\/page"}],"author":[{"embeddable":true,"href":"https:\/\/fa-maik.com\/de\/wp-json\/wp\/v2\/users\/1"}],"replies":[{"embeddable":true,"href":"https:\/\/fa-maik.com\/de\/wp-json\/wp\/v2\/comments?post=1850"}],"version-history":[{"count":1,"href":"https:\/\/fa-maik.com\/de\/wp-json\/wp\/v2\/pages\/1850\/revisions"}],"predecessor-version":[{"id":1863,"href":"https:\/\/fa-maik.com\/de\/wp-json\/wp\/v2\/pages\/1850\/revisions\/1863"}],"wp:attachment":[{"href":"https:\/\/fa-maik.com\/de\/wp-json\/wp\/v2\/media?parent=1850"}],"curies":[{"name":"wp","href":"https:\/\/api.w.org\/{rel}","templated":true}]}}